{"id":10156,"date":"2023-03-15T13:54:39","date_gmt":"2023-03-15T12:54:39","guid":{"rendered":"https:\/\/catchshift.com\/kontakt\/"},"modified":"2025-06-03T07:47:05","modified_gmt":"2025-06-03T05:47:05","slug":"kontakt","status":"publish","type":"page","link":"https:\/\/catchshift.com\/cz\/kontakt\/","title":{"rendered":"Kontakt"},"content":{"rendered":"\n<div class=\"custom-header-grey\">\n  <div class=\"container container-slug\">\n      <h1>Kontakt<\/h1>\n<p style=\"text-align: center;\">Nev\u00e1hejte n\u00e1s kontaktovat! Cel\u00fd t\u00fdm Catchshift je v\u00e1m k dispozici. M\u016f\u017eete n\u00e1s kontaktovat p\u0159\u00edmo e-mailem, telefonicky nebo pomoc\u00ed kontaktn\u00edho formul\u00e1\u0159e.<\/p>\n    <\/div>\n<\/div>\n\n\n\n<div style=\"height:50px\" aria-hidden=\"true\" class=\"wp-block-spacer\"><\/div>\n\n\n\n<section class=\"where-we-are\">\n  <div class=\"container\">\n    <h2 class=\"h3-underline dark-text\">Kde se nach\u00e1z\u00edme?<\/h2>\n\t<div class=\"footer-contact-maps\">\n        <div class=\"footer-map\">\n        <div class=\"footer-map-item\">\n        <iframe class=\"lazyload\" data-src=\"https:\/\/www.google.com\/maps\/embed?pb=!1m14!1m8!1m3!1d2586.3093615443754!2d17.2190384!3d49.5919153!3m2!1i1024!2i768!4f13.1!3m3!1m2!1s0x47124f8b85a9ba65%3A0xa57d428dc596d72c!2sCATCHSHIFT%20s.r.o.!5e0!3m2!1scs!2spl!4v1663133542644!5m2!1scs!2spl\" width=\"715\" height=\"200\" style=\"border:0;\" allowfullscreen=\"\" loading=\"lazy\" referrerpolicy=\"no-referrer-when-downgrade\"><\/iframe>\n   \n     <p><span>CATCHSHIFT s.r.o.&nbsp;<\/span>\n       K Mraz\u00edrn\u00e1m 1303\/16<br>\n       779 00 Olomouc<br>\n       \u010cesk\u00e1 republika<br>\n<a style=\"color:#de7530!important;\" href=\"tel:+420588000660\">+420&nbsp;588&nbsp;000&nbsp;660<\/a><br>\n<a style=\"color:#de7530!important;\" href=\"mailto:info@catchshift.cz\">info@catchshift.cz<\/a><\/p>\n    <\/div>\n    <div class=\"footer-map-item\">\n\n    <\/div>\n        <\/div>\n        \n    <\/div>\n    \n    \n  <\/div>\n<\/section>\n\n\n\n<div class=\"container\">\n<div class=\"footer-contact\">\n        \t<div class=\"footer-contact company-info company-info-cs\">\n            <div class=\"footer-contact-buttons\">\n                <a href=\"tel:+42058800066\" class=\"btn-right-arrow btn-block btn-mb\">T:. +420&nbsp;588&nbsp;000&nbsp;660<\/a>\n                <a href=\"mailto:info@catchshift.cz\" class=\"btn-right-arrow btn-mb btn-block\">E: info@catchshift.cz<\/a>\n            <\/div>\n            <div class=\"company-address\">\n                <p>DI\u010c: <span class=\"color-orange\">CZ02000563<\/span><\/p>\n                <p>I\u010cO: <span class=\"color-orange\">02000563<\/span><\/p>\n                <p>\u010cESK\u00c1 REPUBLIKA<\/p>\n            <\/div>\n        <\/div>\n        \n\n    <\/div>\n    <\/div>\n\n\n\n<div class=\"wp-container-2 wp-block-group container\"><div class=\"wp-block-group__inner-container\">\n<div class=\"wp-block-contact-form-7-contact-form-selector page-contact\"><div role=\"form\" class=\"wpcf7\" id=\"wpcf7-f655-o1\" lang=\"pl-PL\" dir=\"ltr\">\n<div class=\"screen-reader-response\"><p role=\"status\" aria-live=\"polite\" aria-atomic=\"true\"><\/p> <ul><\/ul><\/div>\n<form action=\"\/cz\/wp-json\/wp\/v2\/pages\/10156#wpcf7-f655-o1\" method=\"post\" class=\"wpcf7-form init\" novalidate=\"novalidate\" data-status=\"init\">\n<div style=\"display: none;\">\n<input type=\"hidden\" name=\"_wpcf7\" value=\"655\" \/>\n<input type=\"hidden\" name=\"_wpcf7_version\" value=\"5.6\" \/>\n<input type=\"hidden\" name=\"_wpcf7_locale\" value=\"pl_PL\" \/>\n<input type=\"hidden\" name=\"_wpcf7_unit_tag\" value=\"wpcf7-f655-o1\" \/>\n<input type=\"hidden\" name=\"_wpcf7_container_post\" value=\"0\" \/>\n<input type=\"hidden\" name=\"_wpcf7_posted_data_hash\" value=\"\" \/>\n<input type=\"hidden\" name=\"_wpcf7_recaptcha_response\" value=\"\" \/>\n<\/div>\n<div class=\"form-row\">\n<h3>Kontaktn\u00ed formul\u00e1\u0159<\/h3>\n<div class=\"input\"><span class=\"wpcf7-form-control-wrap\" data-name=\"text-638\"><input type=\"text\" name=\"text-638\" value=\"\" size=\"40\" class=\"wpcf7-form-control wpcf7-text form-control\" aria-invalid=\"false\" placeholder=\"Jm\u00e9no a p\u0159\u00edjmen\u00ed\" \/><\/span><\/div>\n<\/div>\n<div class=\"form-row\">\n<div class=\"input\"><span class=\"wpcf7-form-control-wrap\" data-name=\"email\"><input type=\"email\" name=\"email\" value=\"\" size=\"40\" class=\"wpcf7-form-control wpcf7-text wpcf7-email wpcf7-validates-as-required wpcf7-validates-as-email form-control\" aria-required=\"true\" aria-invalid=\"false\" placeholder=\"E-mail*\" \/><\/span><\/div>\n<\/div>\n<div class=\"form-row\">\n<div class=\"input\"><span class=\"wpcf7-form-control-wrap\" data-name=\"phone\"><input type=\"tel\" name=\"phone\" value=\"\" size=\"40\" class=\"wpcf7-form-control wpcf7-text wpcf7-tel wpcf7-validates-as-required wpcf7-validates-as-tel form-control\" aria-required=\"true\" aria-invalid=\"false\" placeholder=\"Telefonn\u00ed \u010d\u00edslo*\" \/><\/span><\/div>\n<\/div>\n<div class=\"form-row-textarea\">\n<div class=\"textarea\"><span class=\"wpcf7-form-control-wrap\" data-name=\"message\"><textarea name=\"message\" cols=\"40\" rows=\"10\" class=\"wpcf7-form-control wpcf7-textarea wpcf7-validates-as-required form-control\" aria-required=\"true\" aria-invalid=\"false\" placeholder=\"Zpr\u00e1va*\"><\/textarea><\/span><\/div>\n<\/div>\n<div class=\"form-row-acceptance\">\n<small style=\"color:#ff0000;\">*- Povinn\u00e1 pole<\/small>\n<div class=\"input\"><span class=\"wpcf7-form-control-wrap\" data-name=\"acceptance\"><span class=\"wpcf7-form-control wpcf7-acceptance\"><span class=\"wpcf7-list-item\"><label><input type=\"checkbox\" name=\"acceptance\" value=\"1\" aria-invalid=\"false\" \/><span class=\"wpcf7-list-item-label\">Potvrzuji, \u017ee jsem si p\u0159e\u010detl(a) a souhlas\u00edm s obchodn\u00edmi <a href=\"https:\/\/catchshift.com\/cz\/pravidla\/\" rel=\"noopener noreferrer\" target=\"_blank\">podm\u00ednkami webov\u00fdch str\u00e1nek<\/a> a potvrzuji, \u017ee jsem si p\u0159e\u010detl(a) <a href=\"https:\/\/catchshift.com\/cz\/politika-ochrany-soukromi\/\" rel=\"noopener noreferrer\" target=\"_blank\">z\u00e1sady ochrany osobn\u00edch \u00fadaj\u016f<\/a>.<\/span><\/label><\/span><\/span><\/span><\/div>\n<div class=\"input\"><span class=\"wpcf7-form-control-wrap\" data-name=\"acceptance-123\"><span class=\"wpcf7-form-control wpcf7-acceptance optional\"><span class=\"wpcf7-list-item\"><label><input type=\"checkbox\" name=\"acceptance-123\" value=\"1\" aria-invalid=\"false\" \/><span class=\"wpcf7-list-item-label\">Souhlas\u00edm se zpracov\u00e1n\u00edm sv\u00fdch osobn\u00edch \u00fadaj\u016f (e-mailov\u00e9 adresy) Spr\u00e1vcem (CATCHSHIFT sp. z o.o. se s\u00eddlem ve Wolsztynu, ul. Przemys\u0142owa 2, kontakt@catchshift.com) pro marketingov\u00e9 \u00fa\u010dely. Souhlas je dobrovoln\u00fd. M\u00e1m pr\u00e1vo sv\u016fj souhlas kdykoli odvolat, ani\u017e by byla dot\u010dena z\u00e1konnost zpracov\u00e1n\u00ed proveden\u00e9ho na z\u00e1klad\u011b souhlasu p\u0159ed jeho odvol\u00e1n\u00edm. M\u00e1m pr\u00e1vo na p\u0159\u00edstup ke sv\u00fdm \u00fadaj\u016fm, jejich opravu, v\u00fdmaz, omezen\u00ed zpracov\u00e1n\u00ed a pr\u00e1vo na p\u0159enositelnost \u00fadaj\u016f. Osobn\u00ed \u00fadaje jsou zpracov\u00e1v\u00e1ny v souladu se <a href=\"https:\/\/catchshift.com\/cz\/politika-ochrany-soukromi\/\" rel=\"noopener noreferrer\" target=\"_blank\">z\u00e1sadami ochrany osobn\u00edch \u00fadaj\u016f<\/a>. Doporu\u010dujeme v\u00e1m, abyste si p\u0159ed ud\u011blen\u00edm souhlasu <a href=\"https:\/\/catchshift.com\/cz\/politika-ochrany-soukromi\/\" rel=\"noopener noreferrer\" target=\"_blank\">z\u00e1sady <\/a>p\u0159e\u010detli.<\/span><\/label><\/span><\/span><\/span><\/div>\n<\/div>\n<div class=\"button-row\" style=\"text-align:center;\">\n<div class=\"input\"><input type=\"submit\" value=\"Poslat\" class=\"wpcf7-form-control has-spinner wpcf7-submit btn-submit\" \/>\n<\/div><\/div><div class=\"wpcf7-response-output\" aria-hidden=\"true\"><\/div><\/form><\/div><\/div>\n<\/div><\/div>\n\n\n\n<div style=\"height:50px\" aria-hidden=\"true\" class=\"wp-block-spacer\"><\/div>\n","protected":false},"excerpt":{"rendered":"<p>Kontakt Nev\u00e1hejte n\u00e1s kontaktovat! Cel\u00fd t\u00fdm Catchshift je v\u00e1m k dispozici. M\u016f\u017eete n\u00e1s kontaktovat p\u0159\u00edmo e-mailem, telefonicky nebo pomoc\u00ed kontaktn\u00edho formul\u00e1\u0159e. Kde se nach\u00e1z\u00edme? CATCHSHIFT s.r.o.&nbsp; K Mraz\u00edrn\u00e1m 1303\/16 779 00 Olomouc \u010cesk\u00e1 republika +420&nbsp;588&nbsp;000&nbsp;660 info@catchshift.cz T:. +420&nbsp;588&nbsp;000&nbsp;660 E: info@catchshift.cz DI\u010c: CZ02000563 I\u010cO: 02000563 \u010cESK\u00c1 REPUBLIKA<\/p>\n","protected":false},"author":14,"featured_media":0,"parent":0,"menu_order":0,"comment_status":"closed","ping_status":"closed","template":"page-gutenberg.php","meta":[],"acf":[],"_links":{"self":[{"href":"https:\/\/catchshift.com\/cz\/wp-json\/wp\/v2\/pages\/10156"}],"collection":[{"href":"https:\/\/catchshift.com\/cz\/wp-json\/wp\/v2\/pages"}],"about":[{"href":"https:\/\/catchshift.com\/cz\/wp-json\/wp\/v2\/types\/page"}],"author":[{"embeddable":true,"href":"https:\/\/catchshift.com\/cz\/wp-json\/wp\/v2\/users\/14"}],"replies":[{"embeddable":true,"href":"https:\/\/catchshift.com\/cz\/wp-json\/wp\/v2\/comments?post=10156"}],"version-history":[{"count":11,"href":"https:\/\/catchshift.com\/cz\/wp-json\/wp\/v2\/pages\/10156\/revisions"}],"predecessor-version":[{"id":13451,"href":"https:\/\/catchshift.com\/cz\/wp-json\/wp\/v2\/pages\/10156\/revisions\/13451"}],"wp:attachment":[{"href":"https:\/\/catchshift.com\/cz\/wp-json\/wp\/v2\/media?parent=10156"}],"curies":[{"name":"wp","href":"https:\/\/api.w.org\/{rel}","templated":true}]}}