{"id":7959,"date":"2021-08-05T23:26:13","date_gmt":"2021-08-05T21:26:13","guid":{"rendered":"https:\/\/catchshift.com\/o-nas\/"},"modified":"2023-09-29T07:48:36","modified_gmt":"2023-09-29T05:48:36","slug":"o-nas","status":"publish","type":"page","link":"https:\/\/catchshift.com\/cz\/o-nas\/","title":{"rendered":"O n\u00e1s"},"content":{"rendered":"<p><strong>V\u00edtejte ve sv\u011bt\u011b technologi\u00ed CatchShift!<\/strong><\/p>\n<p><span data-sheets-value=\"{&quot;1&quot;:2,&quot;2&quot;:&quot;Pokl\u00e1d\u00e1n\u00ed dla\u017eby nemus\u00ed b\u00fdt zdlouhav\u00e9 ani nam\u00e1hav\u00e9. S profesion\u00e1ln\u00ed zvedac\u00ed technikou zvl\u00e1dnete v\u0161e pohodln\u011b a v term\u00ednu. Rychle p\u0159em\u00edst\u00edte betonov\u00e9 desky, kamennou dla\u017ebu i dal\u0161\u00ed materi\u00e1l. D\u00edky tomu \u0161et\u0159\u00edte \u010das, n\u00e1klady i zdrav\u00ed sv\u00fdch pracovn\u00edk\u016f.&quot;}\" data-sheets-userformat=\"{&quot;2&quot;:6723,&quot;3&quot;:{&quot;1&quot;:0},&quot;4&quot;:{&quot;1&quot;:2,&quot;2&quot;:16777215},&quot;9&quot;:0,&quot;12&quot;:0,&quot;14&quot;:{&quot;1&quot;:2,&quot;2&quot;:10066329},&quot;15&quot;:&quot;Arial&quot;}\">Pokl\u00e1d\u00e1n\u00ed dla\u017eby nemus\u00ed b\u00fdt zdlouhav\u00e9 ani nam\u00e1hav\u00e9. S profesion\u00e1ln\u00ed zvedac\u00ed technikou zvl\u00e1dnete v\u0161e pohodln\u011b a v term\u00ednu. Rychle p\u0159em\u00edst\u00edte betonov\u00e9 desky, kamennou dla\u017ebu i dal\u0161\u00ed materi\u00e1l. D\u00edky tomu \u0161et\u0159\u00edte \u010das, n\u00e1klady i zdrav\u00ed sv\u00fdch pracovn\u00edk\u016f.<\/span><\/p>\n<p><span data-sheets-value=\"{&quot;1&quot;:2,&quot;2&quot;:&quot;Vakuov\u00e9 p\u0159\u00edsavky a manipul\u00e1tory se podtlakem p\u0159ichyt\u00ed na materi\u00e1l d\u0159\u00edv, ne\u017e\u00a0\u0159eknete \u201eCatchShift\u201c. Na p\u0159is\u00e1t\u00ed jim toti\u017e sta\u010d\u00ed pouh\u00e1 1\u00a0vte\u0159ina. D\u00edky tomu snadno a rychle namontujete r\u016fzn\u00e9 typy betonov\u00fdch desek i prvky z\u00a0kamene. A\u00a0to i kdy\u017e maj\u00ed r\u016fznou hmotnost nebo se li\u0161\u00ed v\u00a0mont\u00e1\u017en\u00ed poloze a\u00a0povrchov\u00e9 struktu\u0159e.&quot;}\" data-sheets-userformat=\"{&quot;2&quot;:4865,&quot;3&quot;:{&quot;1&quot;:0},&quot;11&quot;:4,&quot;12&quot;:0,&quot;15&quot;:&quot;Arial&quot;}\" data-sheets-textstyleruns=\"{&quot;1&quot;:0}\uee10{&quot;1&quot;:98,&quot;2&quot;:{&quot;5&quot;:1}}\uee10{&quot;1&quot;:140}\">Vakuov\u00e9 p\u0159\u00edsavky a manipul\u00e1tory se podtlakem p\u0159ichyt\u00ed na materi\u00e1l d\u0159\u00edv, ne\u017e\u00a0\u0159eknete \u201eCatchShift\u201c. Na p\u0159is\u00e1t\u00ed jim toti\u017e sta\u010d\u00ed pouh\u00e1 1\u00a0vte\u0159ina. D\u00edky tomu snadno a rychle namontujete r\u016fzn\u00e9 typy betonov\u00fdch desek i prvky z\u00a0kamene. A\u00a0to i kdy\u017e maj\u00ed r\u016fznou hmotnost nebo se li\u0161\u00ed v\u00a0mont\u00e1\u017en\u00ed poloze a\u00a0povrchov\u00e9 struktu\u0159e.<\/span><br \/>\n<span data-sheets-value=\"{&quot;1&quot;:2,&quot;2&quot;:&quot;S n\u00e1mi to nebudete m\u00edt t\u011b\u017ek\u00e9!&quot;}\" data-sheets-userformat=\"{&quot;2&quot;:513,&quot;3&quot;:{&quot;1&quot;:0},&quot;12&quot;:0}\">S n\u00e1mi to nebudete m\u00edt t\u011b\u017ek\u00e9!<\/span><\/p>\n<p>S na\u0161\u00edm spolehliv\u00fdm a snadno pou\u017eiteln\u00fdm vakuov\u00fdm za\u0159\u00edzen\u00edm pohodln\u011b a rychle namontujete v\u0161echny druhy betonov\u00fdch desek a kamenn\u00fdch prvk\u016f. Na\u0161e vakuov\u00e9 stroje jsou vybaveny sac\u00edmi podlo\u017ekami na desky, kter\u00e9 si porad\u00ed s materi\u00e1ly vy\u017eaduj\u00edc\u00edmi manipulaci, \u010dasto se v\u00fdrazn\u011b li\u0161\u00edc\u00edmi hmotnost\u00ed, polohou p\u0159i instalaci a strukturou povrchu. Na\u0161\u00edm c\u00edlem je naj\u00edt optim\u00e1ln\u00ed \u0159e\u0161en\u00ed v ka\u017ed\u00e9 situaci a pro ka\u017ed\u00e9ho z\u00e1kazn\u00edka. Neust\u00e1le roz\u0161i\u0159ujeme n\u00e1\u0161 strojov\u00fd park a na\u0161e efektivn\u00ed logistika zaji\u0161\u0165uje kr\u00e1tk\u00e9 dodac\u00ed lh\u016fty. Spolupracujeme s \u0159adou spole\u010dnost\u00ed, v\u010detn\u011b v\u00fdrobc\u016f stavebn\u00edch, dla\u017eebn\u00edch, odvod\u0148ovac\u00edch a betonov\u00fdch prefabrik\u00e1t\u016f.<\/p>\n<p><span data-sheets-value=\"{&quot;1&quot;:2,&quot;2&quot;:&quot;Ve firm\u011b CATCHSHIFT navrhujeme a vyr\u00e1b\u00edme zvedac\u00ed techniku sami. Vyu\u017e\u00edv\u00e1me p\u0159i tom ty\u00a0nejnov\u011bj\u0161\u00ed technologie a v\u00edce ne\u017e 10letou zku\u0161enost z\u00a0oblasti stavebnictv\u00ed a podtlakov\u00fdch stroj\u016f. Ve v\u0161em, co d\u011bl\u00e1me, tak\u00e9\u00a0maxim\u00e1ln\u011b db\u00e1me na bezpe\u010dnost. Vakuov\u00e9 p\u0159\u00edsavky a manipul\u00e1tory spl\u0148uj\u00ed evropskou normu EN 13155 a maj\u00ed dopl\u0148kovou ochranu proti p\u00e1du.&quot;}\" data-sheets-userformat=\"{&quot;2&quot;:769,&quot;3&quot;:{&quot;1&quot;:0},&quot;11&quot;:4,&quot;12&quot;:0}\" data-sheets-textstyleruns=\"{&quot;1&quot;:0}\uee10{&quot;1&quot;:86,&quot;2&quot;:{&quot;5&quot;:1}}\uee10{&quot;1&quot;:108}\uee10{&quot;1&quot;:272,&quot;2&quot;:{&quot;5&quot;:1}}\uee10{&quot;1&quot;:304}\">Ve firm\u011b CATCHSHIFT navrhujeme a vyr\u00e1b\u00edme zvedac\u00ed techniku sami. Vyu\u017e\u00edv\u00e1me p\u0159i tom ty\u00a0nejnov\u011bj\u0161\u00ed technologie a v\u00edce ne\u017e 10letou zku\u0161enost z\u00a0oblasti stavebnictv\u00ed a podtlakov\u00fdch stroj\u016f. Ve v\u0161em, co d\u011bl\u00e1me, tak\u00e9\u00a0maxim\u00e1ln\u011b db\u00e1me na bezpe\u010dnost. Vakuov\u00e9 p\u0159\u00edsavky a manipul\u00e1tory spl\u0148uj\u00ed evropskou normu EN 13155 a maj\u00ed dopl\u0148kovou ochranu proti p\u00e1du.<\/span><\/p>\n","protected":false},"excerpt":{"rendered":"<p>V\u00edtejte ve sv\u011bt\u011b technologi\u00ed CatchShift! Pokl\u00e1d\u00e1n\u00ed dla\u017eby nemus\u00ed b\u00fdt zdlouhav\u00e9 ani nam\u00e1hav\u00e9. S profesion\u00e1ln\u00ed zvedac\u00ed technikou zvl\u00e1dnete v\u0161e pohodln\u011b a v term\u00ednu. Rychle p\u0159em\u00edst\u00edte betonov\u00e9 desky, kamennou dla\u017ebu i dal\u0161\u00ed materi\u00e1l. D\u00edky tomu \u0161et\u0159\u00edte \u010das, n\u00e1klady i zdrav\u00ed sv\u00fdch pracovn\u00edk\u016f. Vakuov\u00e9 p\u0159\u00edsavky a manipul\u00e1tory se podtlakem p\u0159ichyt\u00ed na materi\u00e1l d\u0159\u00edv, ne\u017e\u00a0\u0159eknete \u201eCatchShift\u201c. Na p\u0159is\u00e1t\u00ed jim [&hellip;]<\/p>\n","protected":false},"author":11,"featured_media":0,"parent":0,"menu_order":0,"comment_status":"closed","ping_status":"closed","template":"tpl-about-us.php","meta":[],"acf":[],"_links":{"self":[{"href":"https:\/\/catchshift.com\/cz\/wp-json\/wp\/v2\/pages\/7959"}],"collection":[{"href":"https:\/\/catchshift.com\/cz\/wp-json\/wp\/v2\/pages"}],"about":[{"href":"https:\/\/catchshift.com\/cz\/wp-json\/wp\/v2\/types\/page"}],"author":[{"embeddable":true,"href":"https:\/\/catchshift.com\/cz\/wp-json\/wp\/v2\/users\/11"}],"replies":[{"embeddable":true,"href":"https:\/\/catchshift.com\/cz\/wp-json\/wp\/v2\/comments?post=7959"}],"version-history":[{"count":6,"href":"https:\/\/catchshift.com\/cz\/wp-json\/wp\/v2\/pages\/7959\/revisions"}],"predecessor-version":[{"id":8207,"href":"https:\/\/catchshift.com\/cz\/wp-json\/wp\/v2\/pages\/7959\/revisions\/8207"}],"wp:attachment":[{"href":"https:\/\/catchshift.com\/cz\/wp-json\/wp\/v2\/media?parent=7959"}],"curies":[{"name":"wp","href":"https:\/\/api.w.org\/{rel}","templated":true}]}}