{"id":7960,"date":"2021-09-06T05:07:42","date_gmt":"2021-09-06T03:07:42","guid":{"rendered":"https:\/\/catchshift.com\/serwis\/"},"modified":"2022-08-23T12:43:26","modified_gmt":"2022-08-23T10:43:26","slug":"servis","status":"publish","type":"page","link":"https:\/\/catchshift.com\/cz\/servis\/","title":{"rendered":"Servis"},"content":{"rendered":"<h2>\u0158e\u0161\u00edte n\u011bjak\u00fd probl\u00e9m? Pom\u016f\u017eeme v\u00e1m!<\/h2>\n<p><span data-sheets-value=\"{&quot;1&quot;:2,&quot;2&quot;:&quot;Pokud p\u0159i pr\u00e1ci se za\u0159\u00edzen\u00edm nastane ne\u010dekan\u00fd probl\u00e9m, ud\u011bl\u00e1me v\u0161e pro to, abychom v\u00e1m co nejrychleji pomohli. Zajist\u00edme n\u00e1hradn\u00ed d\u00edly, vy\u0159e\u0161\u00edme hav\u00e1rii, p\u0159\u00edpadn\u011b p\u0159ivezeme i n\u00e1hradn\u00ed vakuov\u00e9 p\u0159\u00edsavky a manipul\u00e1tory, aby va\u0161e pr\u00e1ce zbyte\u010dn\u011b nest\u00e1la. Velkou \u010d\u00e1st probl\u00e9mu se d\u00e1 snadno vy\u0159e\u0161it pouhou telefonickou konzultac\u00ed s na\u0161\u00edm servisn\u00edm technikem.&quot;}\" data-sheets-userformat=\"{&quot;2&quot;:769,&quot;3&quot;:{&quot;1&quot;:0},&quot;11&quot;:4,&quot;12&quot;:0}\">Pokud p\u0159i pr\u00e1ci se za\u0159\u00edzen\u00edm nastane ne\u010dekan\u00fd probl\u00e9m, ud\u011bl\u00e1me v\u0161e pro to, abychom v\u00e1m co nejrychleji pomohli. Zajist\u00edme n\u00e1hradn\u00ed d\u00edly, vy\u0159e\u0161\u00edme hav\u00e1rii, p\u0159\u00edpadn\u011b p\u0159ivezeme i n\u00e1hradn\u00ed vakuov\u00e9 p\u0159\u00edsavky a manipul\u00e1tory, aby va\u0161e pr\u00e1ce zbyte\u010dn\u011b nest\u00e1la. Velkou \u010d\u00e1st probl\u00e9mu se d\u00e1 snadno vy\u0159e\u0161it pouhou telefonickou konzultac\u00ed s na\u0161\u00edm servisn\u00edm technikem.<\/span><\/p>\n","protected":false},"excerpt":{"rendered":"<p>\u0158e\u0161\u00edte n\u011bjak\u00fd probl\u00e9m? Pom\u016f\u017eeme v\u00e1m! Pokud p\u0159i pr\u00e1ci se za\u0159\u00edzen\u00edm nastane ne\u010dekan\u00fd probl\u00e9m, ud\u011bl\u00e1me v\u0161e pro to, abychom v\u00e1m co nejrychleji pomohli. Zajist\u00edme n\u00e1hradn\u00ed d\u00edly, vy\u0159e\u0161\u00edme hav\u00e1rii, p\u0159\u00edpadn\u011b p\u0159ivezeme i n\u00e1hradn\u00ed vakuov\u00e9 p\u0159\u00edsavky a manipul\u00e1tory, aby va\u0161e pr\u00e1ce zbyte\u010dn\u011b nest\u00e1la. Velkou \u010d\u00e1st probl\u00e9mu se d\u00e1 snadno vy\u0159e\u0161it pouhou telefonickou konzultac\u00ed s na\u0161\u00edm servisn\u00edm technikem.<\/p>\n","protected":false},"author":11,"featured_media":0,"parent":0,"menu_order":0,"comment_status":"closed","ping_status":"closed","template":"tpl-service-page.php","meta":[],"acf":[],"_links":{"self":[{"href":"https:\/\/catchshift.com\/cz\/wp-json\/wp\/v2\/pages\/7960"}],"collection":[{"href":"https:\/\/catchshift.com\/cz\/wp-json\/wp\/v2\/pages"}],"about":[{"href":"https:\/\/catchshift.com\/cz\/wp-json\/wp\/v2\/types\/page"}],"author":[{"embeddable":true,"href":"https:\/\/catchshift.com\/cz\/wp-json\/wp\/v2\/users\/11"}],"replies":[{"embeddable":true,"href":"https:\/\/catchshift.com\/cz\/wp-json\/wp\/v2\/comments?post=7960"}],"version-history":[{"count":4,"href":"https:\/\/catchshift.com\/cz\/wp-json\/wp\/v2\/pages\/7960\/revisions"}],"predecessor-version":[{"id":8005,"href":"https:\/\/catchshift.com\/cz\/wp-json\/wp\/v2\/pages\/7960\/revisions\/8005"}],"wp:attachment":[{"href":"https:\/\/catchshift.com\/cz\/wp-json\/wp\/v2\/media?parent=7960"}],"curies":[{"name":"wp","href":"https:\/\/api.w.org\/{rel}","templated":true}]}}