{"id":7961,"date":"2021-09-06T05:32:25","date_gmt":"2021-09-06T03:32:25","guid":{"rendered":"https:\/\/catchshift.com\/wynajem-podnosnikow-prozniowych\/"},"modified":"2022-08-30T14:42:25","modified_gmt":"2022-08-30T12:42:25","slug":"pronajem","status":"publish","type":"page","link":"https:\/\/catchshift.com\/cz\/pronajem\/","title":{"rendered":"Pron\u00e1jem"},"content":{"rendered":"<p style=\"text-align: center;\">Ka\u017ed\u00e9 za\u0159\u00edzen\u00ed p\u0159ed pron\u00e1jmem detailn\u011b zkontrolujeme a ov\u011b\u0159\u00edme, \u017ee je 100% funk\u010dn\u00ed. Nic v\u00e1s tak nebude zdr\u017eovat od pr\u00e1ce. D\u00edky tomu ne\u0159e\u0161\u00edte ne\u010dekan\u00e9 prodlevy a v\u0161e stihnete v napl\u00e1novan\u00e9m term\u00ednu.<\/p>\n","protected":false},"excerpt":{"rendered":"<p>Ka\u017ed\u00e9 za\u0159\u00edzen\u00ed p\u0159ed pron\u00e1jmem detailn\u011b zkontrolujeme a ov\u011b\u0159\u00edme, \u017ee je 100% funk\u010dn\u00ed. Nic v\u00e1s tak nebude zdr\u017eovat od pr\u00e1ce. D\u00edky tomu ne\u0159e\u0161\u00edte ne\u010dekan\u00e9 prodlevy a v\u0161e stihnete v napl\u00e1novan\u00e9m term\u00ednu.<\/p>\n","protected":false},"author":11,"featured_media":0,"parent":0,"menu_order":0,"comment_status":"closed","ping_status":"closed","template":"tpl-rent-page.php","meta":[],"acf":[],"_links":{"self":[{"href":"https:\/\/catchshift.com\/cz\/wp-json\/wp\/v2\/pages\/7961"}],"collection":[{"href":"https:\/\/catchshift.com\/cz\/wp-json\/wp\/v2\/pages"}],"about":[{"href":"https:\/\/catchshift.com\/cz\/wp-json\/wp\/v2\/types\/page"}],"author":[{"embeddable":true,"href":"https:\/\/catchshift.com\/cz\/wp-json\/wp\/v2\/users\/11"}],"replies":[{"embeddable":true,"href":"https:\/\/catchshift.com\/cz\/wp-json\/wp\/v2\/comments?post=7961"}],"version-history":[{"count":5,"href":"https:\/\/catchshift.com\/cz\/wp-json\/wp\/v2\/pages\/7961\/revisions"}],"predecessor-version":[{"id":8120,"href":"https:\/\/catchshift.com\/cz\/wp-json\/wp\/v2\/pages\/7961\/revisions\/8120"}],"wp:attachment":[{"href":"https:\/\/catchshift.com\/cz\/wp-json\/wp\/v2\/media?parent=7961"}],"curies":[{"name":"wp","href":"https:\/\/api.w.org\/{rel}","templated":true}]}}