{"id":7963,"date":"2022-05-10T13:38:22","date_gmt":"2022-05-10T11:38:22","guid":{"rendered":"https:\/\/catchshift.com\/regulamin\/"},"modified":"2022-08-18T22:59:07","modified_gmt":"2022-08-18T20:59:07","slug":"pravidla","status":"publish","type":"page","link":"https:\/\/catchshift.com\/cz\/pravidla\/","title":{"rendered":"PRAVIDLA WEBOV\u00ddCH STR\u00c1NEK CATCHSHIFT.COM"},"content":{"rendered":"<h2 style=\"text-align: center;\">ZASADY KORZYSTANIA | POLITYKA PRYWATNO\u015aCI I COOKIES<\/h2>\n<h2>O N\u00c1S<\/h2>\n<p>Majitelem t\u011bchto webov\u00fdch str\u00e1nek dostupn\u00fdch na adrese www.catchshift.com (d\u00e1le jen: \u201e<strong>Webov\u00e9 str\u00e1nky<\/strong>\u201d nebo \u201e<strong>Web<\/strong>\u201d) je spole\u010dnost CATCHSHIFT SP\u00d3\u0141KA Z OGRANICZON\u0104 ODPOWIEDZIALNO\u015aCI\u0104 se s\u00eddlem ve Wolsztynu (Polsko), zapsan\u00e1 v rejst\u0159\u00edku podnikatel\u016f St\u00e1tn\u00edho soudn\u00edho rejst\u0159\u00edku pod \u010d\u00edslem 0000715971, rejst\u0159\u00edkov\u00fd soud, ve kter\u00e9m je uchov\u00e1v\u00e1na dokumentace spole\u010dnosti: Okresn\u00ed soud Pozna\u0144-Nowe Miasto i Wilda v\u00a0Poznani (Polsko), IX. Hospod\u00e1\u0159sk\u00fd odbor St\u00e1tn\u00edho soudn\u00edho rejst\u0159\u00edku, adresa s\u00eddla a doru\u010dovac\u00ed adresa: ul. Przemys\u0142owa 2, 64-200 Wolsztyn (Polsko), DI\u010c: PL9231720420, I\u010cO: 369338871, v\u00fd\u0161e z\u00e1kladn\u00edho kapit\u00e1lu: 5 100 PLN, e-mail: kontakt@catchshift.com, telefonn\u00ed \u010d\u00edslo: +48 68 347 58 57 (d\u00e1le jen: \u201e<strong>Majitel<\/strong>\u201d nebo \u201e<strong>Spr\u00e1vce<\/strong>\u201d).<\/p>\n<p>M\u00e1me v\u00edce ne\u017e 10letou zku\u0161enost ve stavebnictv\u00ed v\u00a0oblasti podtlakov\u00fdch stroj\u016f. V\u0161echna za\u0159\u00edzen\u00ed navrhujeme a vyr\u00e1b\u00edme sami, p\u0159i\u010dem\u017e\u00a0vyu\u017e\u00edv\u00e1me nejnov\u011bj\u0161\u00ed technologie, naslouch\u00e1me n\u00e1zor\u016fm u\u017eivatel\u016f a pr\u016fb\u011b\u017en\u011b reagujeme na pot\u0159eby trhu.<\/p>\n<p>Seznamte se pros\u00edm s pravidly na\u0161eho Webu. Jsme V\u00e1m k\u00a0dispozici!<\/p>\n<p><strong>Rychl\u00fd kontakt s n\u00e1mi:<\/strong><\/p>\n<ul>\n<li>e-mailem: kontakt@catchshift.com<\/li>\n<li>telefonicky: +48 68 347 58 57<\/li>\n<li>osobn\u011b na adrese: ul. Przemys\u0142owa 2, 64-200 Wolsztyn (Polsko) nebo Okunin 21, 05-101 Nowy Dw\u00f3r Mazowiecki (Polsko)<\/li>\n<\/ul>\n<h2>PR\u00c1VN\u00cd V\u00ddHRADA<\/h2>\n<p>Tento Web m\u00e1 informativn\u00ed povahu, umo\u017e\u0148uje sezn\u00e1men\u00ed se s v\u00fdrobky a slu\u017ebami Majitele Webu a kontakt s n\u00edm, mj. polo\u017een\u00edm dotazu ohledn\u011b nab\u00eddky pomoc\u00ed kontaktn\u00edho formul\u00e1\u0159e nebo konfigur\u00e1toru dotazu. Na Webu m\u016f\u017ee b\u00fdt dostupn\u00fd tak\u00e9 newsletter, jeho\u017e \u00fakolem bude informovat o \u010dinnostech Majitele Webu, aktualit\u00e1ch a nov\u00fdch v\u00fdrobc\u00edch a slu\u017eb\u00e1ch Majitele Webu. Web, na n\u011bm dostupn\u00e9 v\u00fdrobky a slu\u017eby a tato pravidla jsou ur\u010dena v\u00fdhradn\u011b podnikatel\u016fm, tzn. Web nen\u00ed ur\u010den pro spot\u0159ebitele. Pr\u00e1vem rozhodn\u00fdm pro Web a tato pravidla a smlouvy uzav\u00edran\u00e9 na jejich z\u00e1klad\u011b je polsk\u00e9 pr\u00e1vo.<\/p>\n<p>Web nen\u00ed e-shop a nen\u00ed mo\u017en\u00e9 jeho prost\u0159ednictv\u00edm uzav\u0159\u00edt kupn\u00ed smlouvu na koupi v\u00fdrobk\u016f a slu\u017eeb Majitele Webu (to znamen\u00e1 mj., \u017ee reklamy, cen\u00edky a ostatn\u00ed informace o v\u00fdrobc\u00edch a slu\u017eb\u00e1ch um\u00edst\u011bn\u00e9 na Webu nesm\u00ed b\u00fdt pova\u017eov\u00e1ny za nab\u00eddku, p\u0159\u00edpadn\u011b za v\u00fdzvu k uzav\u0159en\u00ed smlouvy). K uzav\u0159en\u00ed kupn\u00ed smlouvy m\u016f\u017ee doj\u00edt v d\u016fsledku zasl\u00e1n\u00ed \u017e\u00e1dosti o nab\u00eddku Majiteli Webu a teprve po sjedn\u00e1n\u00ed podrobn\u00fdch podm\u00ednek takov\u00e9 smlouvy stranami; uzav\u0159en\u00ed a podm\u00ednky takov\u00e9 smlouvy se v\u0161ak \u0159\u00edd\u00ed samostatnou kupn\u00ed smlouvou nebo samostatn\u00fdmi v\u0161eobecn\u00fdmi podm\u00ednkami prodeje v\u00fdrobk\u016f Majitelem Webu, kter\u00e9 tento poskytne.<\/p>\n<p>Majitel vynakl\u00e1d\u00e1 p\u0159im\u011b\u0159en\u00e9 \u00fasil\u00ed, aby \u00fadaje uv\u00e1d\u011bn\u00e9 na Webu byly aktu\u00e1ln\u00ed a v souladu se skute\u010dn\u00fdm stavem. Majitel z\u00e1rove\u0148 prohla\u0161uje, \u017ee ve\u0161ker\u00fd obsah dostupn\u00fd na tomto Webu m\u00e1 pouze informativn\u00ed povahu.<\/p>\n<h2>OSOBN\u00cd \u00daDAJE<\/h2>\n<p>Spr\u00e1vcem osobn\u00edch \u00fadaj\u016f zpracov\u00e1van\u00fdch na Webu je Majitel. Osobn\u00ed \u00fadaje jsou zpracov\u00e1v\u00e1ny pro \u00fa\u010dely, po dobu a na z\u00e1klad\u011b d\u016fvod\u016f a z\u00e1sad uveden\u00fdch v <a href=\"https:\/\/catchshift.com\/cz\/politika-ochrany-soukromi\/\" target=\"_blank\" rel=\"noopener\">politice ochrany soukrom\u00ed<\/a> zve\u0159ejn\u011bn\u00e9 na Webu. Politika ochrany soukrom\u00ed obsahuje p\u0159edev\u0161\u00edm z\u00e1sady t\u00fdkaj\u00edc\u00ed se zpracov\u00e1n\u00ed osobn\u00edch \u00fadaj\u016f Spr\u00e1vcem na Webu, v\u010detn\u011b d\u016fvod\u016f, \u00fa\u010del\u016f a doby zpracov\u00e1v\u00e1n\u00ed osobn\u00edch \u00fadaj\u016f a pr\u00e1v subjekt\u016f \u00fadaj\u016f, a tak\u00e9 informace o pou\u017e\u00edv\u00e1n\u00ed soubor\u016f cookie a analytick\u00fdch n\u00e1stroj\u016f na Webu. Pou\u017e\u00edv\u00e1n\u00ed Webu je dobrovoln\u00e9. Stejn\u011b tak je dobrovoln\u00e9 s n\u00edm spojen\u00e9 poskytnut\u00ed osobn\u00edch \u00fadaj\u016f u\u017eivatelem Webu, s v\u00fdhradou v\u00fdjimek uveden\u00fdch v politice ochrany soukrom\u00ed (nap\u0159. vyu\u017e\u00edv\u00e1n\u00ed elektronick\u00fdch slu\u017eeb a z\u00e1konn\u00e9 povinnosti Majitele).<\/p>\n<h2><strong>POU\u017d\u00cdV\u00c1N\u00cd WEBU<\/strong><\/h2>\n<p>Web je dostupn\u00fd pro v\u0161echny u\u017eivatele internetu. Majitel v r\u00e1mci Webu poskytuje informace o sv\u00e9 podnikatelsk\u00e9 \u010dinnosti a o v\u00fdrobc\u00edch a slu\u017eb\u00e1ch, kter\u00e9 nab\u00edz\u00ed.<\/p>\n<p>\u0158\u00e1dn\u00e9 pou\u017e\u00edv\u00e1n\u00ed Webu vy\u017eaduje spln\u011bn\u00ed n\u00ed\u017ee uveden\u00fdch po\u017eadavk\u016f:<\/p>\n<ul>\n<li>Po\u010d\u00edta\u010d, notebook nebo jin\u00e9 multimedi\u00e1ln\u00ed za\u0159\u00edzen\u00ed s p\u0159\u00edstupem k internetu.<\/li>\n<li>Webov\u00fd prohl\u00ed\u017ee\u010d v aktu\u00e1ln\u00ed verzi: Mozilla Firefox, Opera, Google Chrome, Safari nebo Microsoft Edge.<\/li>\n<li>Doporu\u010den\u00e9 rozli\u0161en\u00ed obrazovky: 1024X768.<\/li>\n<li>Zapnut\u00ed ve webov\u00e9m prohl\u00ed\u017ee\u010di mo\u017enosti ulo\u017een\u00ed soubor\u016f cookie a obsluhy Javascript.<\/li>\n<\/ul>\n<p>Pou\u017e\u00edv\u00e1n\u00ed Webu je zdarma. Pou\u017e\u00edv\u00e1n\u00ed Webu by m\u011blo prob\u00edhat v souladu s pr\u00e1vem a dobr\u00fdmi zvyky, p\u0159i\u010dem\u017e je t\u0159eba db\u00e1t na respektov\u00e1n\u00ed osobn\u00edch pr\u00e1v, ochranu osobn\u00edch \u00fadaj\u016f a pr\u00e1v Spr\u00e1vce, ostatn\u00edch osob pou\u017e\u00edvaj\u00edc\u00edch Web a t\u0159et\u00edch osob, v\u010detn\u011b autorsk\u00fdch pr\u00e1v a pr\u00e1v du\u0161evn\u00edho vlastnictv\u00ed. Protipr\u00e1vn\u00ed jedn\u00e1n\u00ed, kter\u00e9 m\u016f\u017ee zt\u011b\u017eovat fungov\u00e1n\u00ed Webu, je zak\u00e1z\u00e1no. Zak\u00e1z\u00e1no je tak\u00e9 p\u0159id\u00e1v\u00e1n\u00ed obsahu protipr\u00e1vn\u00ed povahy. Pou\u017e\u00edv\u00e1n\u00ed Webu lze kdykoliv ukon\u010dit zav\u0159en\u00edm webov\u00fdch str\u00e1nek nebo webov\u00e9ho prohl\u00ed\u017ee\u010de.<\/p>\n<p>Ve\u0161ker\u00e9 informace a \u00fadaje, kter\u00e9 u\u017eivatel\u00e9 zas\u00edlaj\u00ed prost\u0159ednictv\u00edm Webu, by m\u011bly b\u00fdt spolehliv\u00e9 a obsahovat pravdiv\u00e9 informace. Je zak\u00e1z\u00e1no zas\u00edlat obsah, kter\u00fd poru\u0161uje pravidla netikety, obsahuje ur\u00e1\u017eliv\u00e9 informace a informace, kter\u00e9 po\u0161kozuj\u00ed pov\u011bst Majitele, nebo takov\u00e9, kter\u00e9 mohou uv\u00e9st Majitele nebo jin\u00e9 osoby v omyl, jako\u017e i obsah, kter\u00fd p\u0159\u00edmo \u010di nep\u0159\u00edmo propaguje nebo propaguje jin\u00e9 instituce, weby a slu\u017eby. U\u017eivatel nesm\u00ed pou\u017e\u00edvat Web k \u0161\u00ed\u0159en\u00ed nevy\u017e\u00e1dan\u00fdch obchodn\u00edch informac\u00ed (spamu).<\/p>\n<p>Pou\u017e\u00edv\u00e1n\u00ed Webu je spojeno se standardn\u00edmi riziky vyskytuj\u00edc\u00edmi se na internetu. Hlavn\u00ed hrozbou pro ka\u017ed\u00e9ho u\u017eivatele internetu je mo\u017enost \u201einfikov\u00e1n\u00ed\u201c teleinforma\u010dn\u00edho syst\u00e9mu \u0161kodliv\u00fdm softwarem r\u016fzn\u00e9ho druhu, vytvo\u0159en\u00e9ho zejm\u00e9na za \u00fa\u010delem p\u016fsoben\u00ed \u0161kod nebo z\u00edsk\u00e1n\u00ed neopr\u00e1vn\u011bn\u00e9ho p\u0159\u00edstupu k \u00fadaj\u016fm u\u017eivatele. Aby se p\u0159ede\u0161lo rizik\u016fm s t\u00edm spojen\u00fdm, Majitel doporu\u010duje, aby ka\u017ed\u00fd u\u017eivatel vybavil sv\u00e9 za\u0159\u00edzen\u00ed, kter\u00e9 pou\u017e\u00edv\u00e1 k p\u0159ipojen\u00ed k internetu, antivirov\u00fdm softwarem a neust\u00e1le jej aktualizoval instalac\u00ed jeho nejnov\u011bj\u0161\u00edch verz\u00ed a tak\u00e9 aktualizoval internetov\u00fd prohl\u00ed\u017ee\u010d a opera\u010dn\u00ed syst\u00e9m sv\u00e9ho koncov\u00e9ho za\u0159\u00edzen\u00ed.<\/p>\n<p>V p\u0159\u00edpad\u011b jak\u00fdchkoliv probl\u00e9m\u016f, reklamac\u00ed nebo dotaz\u016f spojen\u00fdch s pou\u017e\u00edv\u00e1n\u00edm Webu \u010di jin\u00fdch dotaz\u016f kontaktujte pros\u00edm Majitele Webu, nap\u0159\u00edklad:<\/p>\n<ul>\n<li>e-mailem: kontakt@catchshift.com<\/li>\n<li>telefonicky: +48 68 347 58 57<\/li>\n<li>p\u00edsemn\u011b na adrese: ul. Przemys\u0142owa 2, 64-200 Wolsztyn, Polsko<\/li>\n<\/ul>\n<p>V popisu ozn\u00e1men\u00ed pros\u00edm uve\u010fte (1) informace a okolnosti t\u00fdkaj\u00edc\u00ed se p\u0159edm\u011btu ozn\u00e1men\u00ed a (2) kontaktn\u00ed \u00fadaje oznamovatele. K Va\u0161emu ozn\u00e1men\u00ed se vyj\u00e1d\u0159\u00edme ve lh\u016ft\u011b 14 kalend\u00e1\u0159n\u00edch dn\u016f.<\/p>\n<h2><strong>ELEKTRONICK\u00c9 SLU\u017dBY<\/strong><\/h2>\n<p>Na Webu jsou dostupn\u00e9 n\u00e1sleduj\u00edc\u00ed elektronick\u00e9 slu\u017eby:<strong> kontaktn\u00ed formul\u00e1\u0159, konfigur\u00e1tor dotazu, blog\u00a0 <\/strong>a<strong> newsletter<\/strong><strong>. <\/strong><\/p>\n<h3>1) <strong>Kontaktn\u00ed formul\u00e1\u0159 <\/strong><\/h3>\n<p>Kontaktn\u00ed formul\u00e1\u0159 umo\u017e\u0148uje zasl\u00e1n\u00ed kontaktn\u00edho dotazu Majiteli. Zasl\u00e1n\u00edm dotazu nevznik\u00e1 u\u017eivateli \u017e\u00e1dn\u00fd z\u00e1vazek v\u016f\u010di Majiteli Webu.<\/p>\n<p>Pou\u017e\u00edv\u00e1n\u00ed kontaktn\u00edho formul\u00e1\u0159e za\u010d\u00edn\u00e1 okam\u017eikem zah\u00e1jen\u00ed jeho vypl\u0148ov\u00e1n\u00ed na Webu \u2013 standardn\u011b je dostupn\u00fd v doln\u00ed \u010d\u00e1sti Webu. Zasl\u00e1n\u00ed kontaktn\u00edho dotazu prob\u011bhne v moment\u011b u\u010din\u011bn\u00ed celkem dvou po sob\u011b jdouc\u00edch krok\u016f: (1) vypln\u011bn\u00ed kontaktn\u00edho formul\u00e1\u0159e \u00fadaji, kter\u00e9 jsou ozna\u010deny jako povinn\u00e9, a (2) kliknut\u00ed po vypln\u011bn\u00ed hodnot\u00edc\u00edho formul\u00e1\u0159e na pole akce um\u00edst\u011bn\u00e9 na Webu pod formul\u00e1\u0159em; do tohoto okam\u017eiku existuje mo\u017enost samostatn\u00e9 \u00fapravy zad\u00e1van\u00fdch \u00fadaj\u016f. V kontaktn\u00edm formul\u00e1\u0159i je nutn\u00e9 uv\u00e9st kontaktn\u00ed \u00fadaje osoby vypl\u0148uj\u00edc\u00ed formul\u00e1\u0159: jm\u00e9no a p\u0159\u00edjmen\u00ed \/ n\u00e1zev firmy, e-mailovou adresu a kontaktn\u00ed telefonn\u00ed \u010d\u00edslo. U\u017eivatel obdr\u017e\u00ed potvrzen\u00ed o odesl\u00e1n\u00ed dotazu na svou e-mailovou adresu uvedenou ve formul\u00e1\u0159i.<\/p>\n<p>Elektronick\u00e1 slu\u017eba kontaktn\u00ed formul\u00e1\u0159 je poskytov\u00e1na bezplatn\u011b, m\u00e1 jednor\u00e1zovou povahu a je ukon\u010dena ve chv\u00edli, kdy u\u017eivatel jeho prost\u0159ednictv\u00edm ode\u0161le kontaktn\u00ed dotaz, nebo ve chv\u00edli d\u0159\u00edv\u011bj\u0161\u00edho p\u0159eru\u0161en\u00ed formulov\u00e1n\u00ed kontaktn\u00edho dotazu jeho prost\u0159ednictv\u00edm.<\/p>\n<h3>2) <strong>Konfigur\u00e1tor dotazu<\/strong><\/h3>\n<p>Konfigur\u00e1tor dotazu je elektronick\u00fd formul\u00e1\u0159 dostupn\u00fd na Webu, umo\u017e\u0148uj\u00edc\u00ed z\u00e1kazn\u00edkovi zasl\u00e1n\u00ed \u017e\u00e1dosti o nab\u00eddku t\u00fdkaj\u00edc\u00ed se j\u00edm zvolen\u00e9 konfigurace v\u00fdrobku nebo slu\u017eby Majitele Webu z mo\u017enost\u00ed, kter\u00e9 jsou dostupn\u00e9 na Webu. V r\u00e1mci formul\u00e1\u0159e lze ur\u010dit mj. v\u00fdrobek, jeho\u017e se m\u00e1 t\u00fdkat dotaz, a dodate\u010dn\u00e9 p\u0159\u00edslu\u0161enstv\u00ed k dan\u00e9mu v\u00fdrobku.<\/p>\n<p>Pou\u017e\u00edv\u00e1n\u00ed Konfigur\u00e1toru dotazu za\u010d\u00edn\u00e1 ve chv\u00edli, kdy ho u\u017eivatel za\u010dne na Webu vypl\u0148ovat. Zasl\u00e1n\u00ed kontaktn\u00edho dotazu prob\u011bhne po u\u010din\u011bn\u00ed z\u00e1kazn\u00edkem celkem dvou po sob\u011b jdouc\u00edch krok\u016f: (1) vypln\u011bn\u00ed formul\u00e1\u0159e konfigur\u00e1toru dotazu a (2) kliknut\u00ed po vypln\u011bn\u00ed vy\u017eadovan\u00fdch \u00fadaj\u016f na pole akce um\u00edst\u011bn\u00e9 na Webu pod formul\u00e1\u0159em; do tohoto okam\u017eiku existuje mo\u017enost samostatn\u00e9 \u00fapravy zad\u00e1van\u00fdch \u00fadaj\u016f (za t\u00edmto \u00fa\u010delem je t\u0159eba \u0159\u00eddit se zobrazovan\u00fdmi zpr\u00e1vami, informacemi a mo\u017enostmi dostupn\u00fdmi na Webu). U\u017eivatel obdr\u017e\u00ed potvrzen\u00ed o odesl\u00e1n\u00ed dotazu na jeho e-mailovou adresu uvedenou ve formul\u00e1\u0159i. V Konfigur\u00e1toru dotazu mus\u00ed z\u00e1kazn\u00edk nutn\u011b uv\u00e9st \u00fadaje, kter\u00e9 se ho t\u00fdkaj\u00ed: jm\u00e9no a p\u0159\u00edjmen\u00ed \/ n\u00e1zev firmy, volbu v\u00fdrobku a p\u0159\u00edpadn\u011b dodate\u010dn\u00e9ho p\u0159\u00edslu\u0161enstv\u00ed.<\/p>\n<p>Elektronick\u00e1 slu\u017eba Konfigur\u00e1tor dotazu je poskytov\u00e1na bezplatn\u011b, m\u00e1 jednor\u00e1zovou povahu a je ukon\u010dena ve chv\u00edli odesl\u00e1n\u00ed dotazu ohledn\u011b nab\u00eddky jeho prost\u0159ednictv\u00edm nebo ve chv\u00edli d\u0159\u00edv\u011bj\u0161\u00edho p\u0159eru\u0161en\u00ed pod\u00e1v\u00e1n\u00ed dotazu z\u00e1kazn\u00edkem.<\/p>\n<h3>3) Blog<\/h3>\n<p>Pou\u017e\u00edv\u00e1n\u00ed blogu je mo\u017en\u00e9 po p\u0159echodu na p\u0159\u00edslu\u0161nou z\u00e1lo\u017eku s aktualitami na Webu. Blog je p\u0159\u00edstupn\u00fd v\u0161em n\u00e1v\u0161t\u011bvn\u00edk\u016fm Webu bez pot\u0159eby uv\u00e1d\u011bn\u00ed jak\u00fdchkoliv \u00fadaj\u016f nebo prov\u00e1d\u011bn\u00ed jin\u00fdch \u00fakon\u016f. Blog umo\u017e\u0148uje sezn\u00e1men\u00ed se s obsahem \u010dl\u00e1nk\u016f a aktualit zve\u0159ej\u0148ovan\u00fdch Majitelem a souvisej\u00edc\u00edch se zam\u011b\u0159en\u00edm Webu a slu\u017ebami a v\u00fdrobky Majitele.<\/p>\n<p>Elektronick\u00e1 slu\u017eba blog je poskytov\u00e1na zdarma. U\u017eivatel m\u00e1 mo\u017enost kdykoli a bez ud\u00e1n\u00ed d\u016fvodu p\u0159estat pou\u017e\u00edvat blog zav\u0159en\u00edm internetov\u00e9ho prohl\u00ed\u017ee\u010de nebo opu\u0161t\u011bn\u00edm Webu.<\/p>\n<h3>4) <strong>Newsletter <\/strong><\/h3>\n<p>P\u0159edm\u011btem newsletteru je informov\u00e1n\u00ed o \u010dinnosti prov\u00e1d\u011bn\u00e9 Majitelem Webu, v\u00fdrobc\u00edch a slu\u017eb\u00e1ch Majitele Webu a tak\u00e9 zve\u0159ej\u0148ov\u00e1n\u00ed rad a aktualit spojen\u00fdch s prov\u00e1d\u011bnou \u010dinnost\u00ed.<\/p>\n<p>P\u0159ihl\u00e1\u0161en\u00ed k newsletteru n\u00e1sleduje po uveden\u00ed v z\u00e1lo\u017ece\/poli newsletter um\u00edst\u011bn\u00e9m na Webu e-mailov\u00e9 adresy, na kterou maj\u00ed b\u00fdt zas\u00edl\u00e1na dal\u0161\u00ed vyd\u00e1n\u00ed newsletteru, a po kliknut\u00ed na pole akce.<\/p>\n<p>Elektronick\u00e1 slu\u017eba newsletter je poskytov\u00e1na bezplatn\u011b na dobu neur\u010ditou. P\u0159\u00edjemce slu\u017eeb m\u00e1 mo\u017enost se kdykoliv a bez uveden\u00ed d\u016fvodu odhl\u00e1sit z newsletteru (p\u0159estat odeb\u00edrat newsletter) odesl\u00e1n\u00edm p\u0159\u00edslu\u0161n\u00e9ho po\u017eadavku Majiteli Webu, zejm\u00e9na prost\u0159ednictv\u00edm e-mailu na adresu: kontakt@catchshift.com nebo p\u00edsemn\u011b na adresu: ul. Przemys\u0142owa 2, 64-200 Wolsztyn, Polsko nebo vyu\u017eit\u00edm mo\u017enosti odhl\u00e1\u0161en\u00ed dostupn\u00e9 v obsahu zpr\u00e1vy obdr\u017een\u00e9 v r\u00e1mci newsletteru.<\/p>\n<h2><strong>AUTORSK\u00c1 PR\u00c1VA<\/strong><\/h2>\n<p>Autorsk\u00e1 pr\u00e1va a pr\u00e1va du\u0161evn\u00edho vlastnictv\u00ed k Webu jako celku a k obsahu, grafik\u00e1m, d\u00edl\u016fm, vzor\u016fm a zn\u00e1mk\u00e1m dostupn\u00fdm v jejich r\u00e1mci p\u0159\u00edslu\u0161\u00ed Majiteli nebo jin\u00fdm opr\u00e1vn\u011bn\u00fdm t\u0159et\u00edm subjekt\u016fm a jsou pod ochranou autorsk\u00e9ho pr\u00e1va a ostatn\u00edch ustanoven\u00ed obecn\u011b platn\u00e9ho pr\u00e1va. Pou\u017e\u00edv\u00e1n\u00ed obsahu um\u00edst\u011bn\u00e9ho na Webu je povoleno bez omezen\u00ed v rozsahu vlastn\u00ed osobn\u00ed pot\u0159eby. Pou\u017e\u00edv\u00e1n\u00ed obsahu um\u00edst\u011bn\u00e9ho na Webu v jin\u00e9m rozsahu vy\u017eaduje p\u0159edchoz\u00ed v\u00fdslovn\u00fd souhlas Spr\u00e1vce nebo jin\u00fdch opr\u00e1vn\u011bn\u00fdch t\u0159et\u00edch subjekt\u016f.<\/p>\n<h2><strong>ODKAZY<\/strong><\/h2>\n<p>Web m\u016f\u017ee obsahovat odkazy na jin\u00e9 webov\u00e9 str\u00e1nky. Spr\u00e1vce nab\u00e1d\u00e1 k sezn\u00e1men\u00ed se po p\u0159echodu na jin\u00e9 weby s jimi stanoven\u00fdmi pravidly a politikou soukrom\u00ed. Tato pravidla se t\u00fdkaj\u00ed pouze tohoto Webu.<\/p>\n<h2><strong>KONTAKT S N\u00c1MI<\/strong><\/h2>\n<p>V p\u0159\u00edpad\u011b jak\u00fdchkoliv probl\u00e9m\u016f nebo dotaz\u016f spojen\u00fdch s pou\u017e\u00edv\u00e1n\u00edm Webu nebo jin\u00fdch dotaz\u016f kontaktujte pros\u00edm Majitele Webu:<\/p>\n<ul>\n<li>e-mailem: kontakt@catchshift.com<\/li>\n<li>telefonicky: +48 68 347 58 57<\/li>\n<li>p\u00edsemn\u011b na adrese: ul. Przemys\u0142owa 2, 64-200 Wolsztyn, Polsko<\/li>\n<li>osobn\u011b na adrese: ul. Przemys\u0142owa 2, 64-200 Wolsztyn (Polsko) nebo Okunin 21, 05-101 Nowy Dw\u00f3r Mazowiecki (Polsko)<\/li>\n<\/ul>\n","protected":false},"excerpt":{"rendered":"<p>ZASADY KORZYSTANIA | POLITYKA PRYWATNO\u015aCI I COOKIES O N\u00c1S Majitelem t\u011bchto webov\u00fdch str\u00e1nek dostupn\u00fdch na adrese www.catchshift.com (d\u00e1le jen: \u201eWebov\u00e9 str\u00e1nky\u201d nebo \u201eWeb\u201d) je spole\u010dnost CATCHSHIFT SP\u00d3\u0141KA Z OGRANICZON\u0104 ODPOWIEDZIALNO\u015aCI\u0104 se s\u00eddlem ve Wolsztynu (Polsko), zapsan\u00e1 v rejst\u0159\u00edku podnikatel\u016f St\u00e1tn\u00edho soudn\u00edho rejst\u0159\u00edku pod \u010d\u00edslem 0000715971, rejst\u0159\u00edkov\u00fd soud, ve kter\u00e9m je uchov\u00e1v\u00e1na dokumentace spole\u010dnosti: Okresn\u00ed soud [&hellip;]<\/p>\n","protected":false},"author":11,"featured_media":0,"parent":0,"menu_order":0,"comment_status":"closed","ping_status":"closed","template":"tpl-regulations.php","meta":[],"acf":[],"_links":{"self":[{"href":"https:\/\/catchshift.com\/cz\/wp-json\/wp\/v2\/pages\/7963"}],"collection":[{"href":"https:\/\/catchshift.com\/cz\/wp-json\/wp\/v2\/pages"}],"about":[{"href":"https:\/\/catchshift.com\/cz\/wp-json\/wp\/v2\/types\/page"}],"author":[{"embeddable":true,"href":"https:\/\/catchshift.com\/cz\/wp-json\/wp\/v2\/users\/11"}],"replies":[{"embeddable":true,"href":"https:\/\/catchshift.com\/cz\/wp-json\/wp\/v2\/comments?post=7963"}],"version-history":[{"count":5,"href":"https:\/\/catchshift.com\/cz\/wp-json\/wp\/v2\/pages\/7963\/revisions"}],"predecessor-version":[{"id":7977,"href":"https:\/\/catchshift.com\/cz\/wp-json\/wp\/v2\/pages\/7963\/revisions\/7977"}],"wp:attachment":[{"href":"https:\/\/catchshift.com\/cz\/wp-json\/wp\/v2\/media?parent=7963"}],"curies":[{"name":"wp","href":"https:\/\/api.w.org\/{rel}","templated":true}]}}