{"id":12276,"date":"2024-08-07T12:33:38","date_gmt":"2024-08-07T10:33:38","guid":{"rendered":"https:\/\/catchshift.com\/?page_id=12276"},"modified":"2024-08-07T12:33:38","modified_gmt":"2024-08-07T10:33:38","slug":"produkte","status":"publish","type":"page","link":"https:\/\/catchshift.com\/de\/produkte\/","title":{"rendered":"Produkte"},"content":{"rendered":"<h1>Wie viele Kilogramm m\u00fcssen Sie heben? Bei Catchshift haben wir L\u00f6sungen f\u00fcr das Handling selbst der schwersten Lasten. Klicken Sie auf den Heber, der Sie interessiert, um mehr zu erfahren.<\/h1>\n<p style=\"text-align: center;\"><img class=\"alignnone wp-image-12200 size-thumbnail\" src=\"https:\/\/catchshift.com\/wp-content\/uploads\/2024\/08\/ikony-2-150x150.png\" alt=\"\" width=\"150\" height=\"150\" srcset=\"https:\/\/catchshift.com\/wp-content\/uploads\/2024\/08\/ikony-2-150x150.png 150w, https:\/\/catchshift.com\/wp-content\/uploads\/2024\/08\/ikony-2.png 300w\" sizes=\"(max-width: 150px) 100vw, 150px\" \/><br \/>\n<strong>Ich freue mich darauf, Ihnen zu helfen!<\/strong><\/p>\n<p style=\"text-align: center;\"><strong>Rufen Sie uns an unter <a href=\"telephone:+48503823573\">+48 503 823 573<\/a> oder schreiben Sie uns eine E-Mail an <a href=\"mailto:jack@catchshift.com\">jack@catchshift.com<\/a><\/strong><\/p>\n<h2>Vakuumheber mit einer Kapazit\u00e4t von bis zu 255 kg<\/h2>\n<div class=\"row\">\n<div class=\"column\">\n<p class=\"image-container\"><a href=\"https:\/\/catchshift.com\/produkt\/e-mickey\/\"><img class=\"alignnone wp-image-12066\" src=\"https:\/\/catchshift.com\/wp-content\/uploads\/2024\/07\/10-1-150x150.png\" alt=\"\" width=\"150\" height=\"150\" \/><\/a><\/p>\n<p class=\"text-container\"><strong>E-Mickey Vakuumheber \ud83d\udd0b<\/strong><\/p>\n<p class=\"text-container\"><span style=\"font-weight: 400;\">Praktischer Heber, der mit einer austauschbaren Batterie betrieben wird. Bis zu 75 Minuten Betrieb mit einer einzigen Ladung.<\/span><\/p>\n<\/div>\n<div class=\"column\">\n<p class=\"image-container\"><a href=\"https:\/\/catchshift.com\/produkt\/mickey255\/\"><img class=\"alignnone wp-image-12134\" src=\"https:\/\/catchshift.com\/wp-content\/uploads\/2024\/07\/Wolsztyn-1-150x150.png\" alt=\"\" width=\"150\" height=\"150\" srcset=\"https:\/\/catchshift.com\/wp-content\/uploads\/2024\/07\/Wolsztyn-1-150x150.png 150w, https:\/\/catchshift.com\/wp-content\/uploads\/2024\/07\/Wolsztyn-1.png 300w\" sizes=\"(max-width: 150px) 100vw, 150px\" \/><\/a><\/p>\n<p class=\"text-container\"><strong>Mickey Vakuumheber<\/strong><\/p>\n<p class=\"text-container\"><span style=\"font-weight: 400;\">Ikonischer Heber f\u00fcr Pflasterarbeiten mit gro\u00dfformatigen Platten.<\/span><\/p>\n<\/div>\n<div class=\"column\">\n<p class=\"image-container\"><a href=\"https:\/\/catchshift.com\/produkt\/e-turtle\/\"><img class=\"alignnone wp-image-12120 size-thumbnail\" src=\"https:\/\/catchshift.com\/wp-content\/uploads\/2024\/07\/19-1-150x150.png\" alt=\"\" width=\"150\" height=\"150\" srcset=\"https:\/\/catchshift.com\/wp-content\/uploads\/2024\/07\/19-1-150x150.png 150w, https:\/\/catchshift.com\/wp-content\/uploads\/2024\/07\/19-1.png 300w\" sizes=\"(max-width: 150px) 100vw, 150px\" \/><\/a><\/p>\n<p class=\"text-container\"><strong>E-Turtle Vakuumheber \ud83d\udd0b<\/strong><\/p>\n<p class=\"text-container\"><span style=\"font-weight: 400;\">Saugnapf f\u00fcr die Installation von Keramikfliesen und glatten, undurchl\u00e4ssigen Materialien.<\/span><\/p>\n<p>&nbsp;<\/p>\n<\/div>\n<\/div>\n<h2>Transportwagen mit Saugnapf f\u00fcr bis zu 500 kg<\/h2>\n<div class=\"row\">\n<div class=\"column\">\n<p class=\"image-container\"><a href=\"https:\/\/catchshift.com\/produkt\/trolly\/\"><img class=\"alignnone wp-image-12078 size-thumbnail\" src=\"https:\/\/catchshift.com\/wp-content\/uploads\/2024\/07\/12-1-150x150.png\" alt=\"\" width=\"150\" height=\"150\" srcset=\"https:\/\/catchshift.com\/wp-content\/uploads\/2024\/07\/12-1-150x150.png 150w, https:\/\/catchshift.com\/wp-content\/uploads\/2024\/07\/12-1.png 300w\" sizes=\"(max-width: 150px) 100vw, 150px\" \/><\/a><\/p>\n<p class=\"text-container\"><strong>Trolly Transportwagen<\/strong><\/p>\n<p class=\"text-container\"><span style=\"font-weight: 400;\">Ein effektiver Helfer auf der Baustelle.<\/span><\/p>\n<\/div>\n<\/div>\n<h2>Vakuumheber mit einer Kapazit\u00e4t von bis zu 600 kg<\/h2>\n<div class=\"row\">\n<div class=\"column\">\n<p class=\"image-container\"><a href=\"https:\/\/catchshift.com\/produkt\/frog600\/\"><img class=\"alignnone wp-image-12114\" src=\"https:\/\/catchshift.com\/wp-content\/uploads\/2024\/07\/18-1-150x150.png\" alt=\"\" width=\"150\" height=\"150\" srcset=\"https:\/\/catchshift.com\/wp-content\/uploads\/2024\/07\/18-1-150x150.png 150w, https:\/\/catchshift.com\/wp-content\/uploads\/2024\/07\/18-1.png 300w\" sizes=\"(max-width: 150px) 100vw, 150px\" \/><\/a><\/p>\n<p class=\"text-container\"><strong>Frog Vakuumheber \ud83d\udd0b<\/strong><\/p>\n<p class=\"text-container\"><span style=\"font-weight: 400;\">Vakuumheber mit einem komfortablen Rahmen und kabelloser Stromversorgung.<\/span><\/p>\n<\/div>\n<div class=\"column\">\n<p class=\"image-container\"><a href=\"https:\/\/catchshift.com\/produkt\/chwytak-prozniowy-frog-mini-600-kg\/\"><img class=\"alignnone wp-image-12108 size-thumbnail\" src=\"https:\/\/catchshift.com\/wp-content\/uploads\/2024\/07\/17-1-150x150.png\" alt=\"\" width=\"150\" height=\"150\" srcset=\"https:\/\/catchshift.com\/wp-content\/uploads\/2024\/07\/17-1-150x150.png 150w, https:\/\/catchshift.com\/wp-content\/uploads\/2024\/07\/17-1.png 300w\" sizes=\"(max-width: 150px) 100vw, 150px\" \/><\/a><\/p>\n<p class=\"text-container\"><strong>Frog Mini Vakuumheber \ud83d\udd0b<\/strong><\/p>\n<p class=\"text-container\"><span style=\"font-weight: 400;\">Mini-Version des Vakuumhebers mit starker Hebekapazit\u00e4t.<\/span><\/p>\n<\/div>\n<\/div>\n<h2>Vakuumheber mit einer Kapazit\u00e4t von bis zu 4000 kg<\/h2>\n<div class=\"row\">\n<div class=\"column\">\n<p class=\"image-container\"><a href=\"https:\/\/catchshift.com\/produkt\/e-wolf\/\"><img class=\"alignnone wp-image-12090 size-thumbnail\" src=\"https:\/\/catchshift.com\/wp-content\/uploads\/2024\/07\/14-1-150x150.png\" alt=\"\" width=\"150\" height=\"150\" srcset=\"https:\/\/catchshift.com\/wp-content\/uploads\/2024\/07\/14-1-150x150.png 150w, https:\/\/catchshift.com\/wp-content\/uploads\/2024\/07\/14-1.png 300w\" sizes=\"(max-width: 150px) 100vw, 150px\" \/><\/a><\/p>\n<p class=\"text-container\"><strong>E-Wolf Vakuumheber \ud83d\udd0b<\/strong><\/p>\n<p class=\"text-container\"><span style=\"font-weight: 400;\">Vakuumheber f\u00fcr die einfache Installation gr\u00f6\u00dferer Betonelemente.<\/span><\/p>\n<\/div>\n<div class=\"column\">\n<p class=\"image-container\"><a href=\"https:\/\/catchshift.com\/produkt\/wolf4000-maszyna-do-podnoszenia-plyt-betonowych-wolf4000\/\"><img class=\"alignnone wp-image-12084 size-thumbnail\" src=\"https:\/\/catchshift.com\/wp-content\/uploads\/2024\/07\/13-1-150x150.png\" alt=\"\" width=\"150\" height=\"150\" srcset=\"https:\/\/catchshift.com\/wp-content\/uploads\/2024\/07\/13-1-150x150.png 150w, https:\/\/catchshift.com\/wp-content\/uploads\/2024\/07\/13-1.png 300w\" sizes=\"(max-width: 150px) 100vw, 150px\" \/><\/a><\/p>\n<p class=\"text-container\"><strong>Wolf Vakuumheber<\/strong><\/p>\n<p class=\"text-container\"><span style=\"font-weight: 400;\">Heber f\u00fcr Betonelemente mit Verbrennungsmotor.<\/span><\/p>\n<\/div>\n<\/div>\n<h2>Vakuumheber mit einer Kapazit\u00e4t von bis zu 5000 kg<\/h2>\n<div class=\"row\">\n<div class=\"column\">\n<p class=\"image-container\"><a href=\"https:\/\/catchshift.com\/produkt\/monkey\/\"><img class=\"alignnone wp-image-12096 size-thumbnail\" src=\"https:\/\/catchshift.com\/wp-content\/uploads\/2024\/07\/15-1-150x150.png\" alt=\"\" width=\"150\" height=\"150\" srcset=\"https:\/\/catchshift.com\/wp-content\/uploads\/2024\/07\/15-1-150x150.png 150w, https:\/\/catchshift.com\/wp-content\/uploads\/2024\/07\/15-1.png 300w\" sizes=\"(max-width: 150px) 100vw, 150px\" \/><\/a><\/p>\n<p class=\"text-container\"><strong>Monkey Vakuumheber \ud83d\udd0b<\/strong><\/p>\n<p class=\"text-container\"><span style=\"font-weight: 400;\">Vakuumheber zum Drehen von Betonplatten um 180<b>\u00b0<\/b>.<\/span><\/p>\n<\/div>\n<\/div>\n<h2>Vakuumheber mit einer Kapazit\u00e4t von bis zu 6000 kg<\/h2>\n<div class=\"row\">\n<div class=\"column\">\n<p class=\"image-container\"><a href=\"https:\/\/catchshift.com\/produkt\/maszyna-do-podnoszenia-betonu-bear6000\/\"><img class=\"alignnone wp-image-12126\" src=\"https:\/\/catchshift.com\/wp-content\/uploads\/2024\/07\/20-2-150x150.png\" alt=\"\" width=\"150\" height=\"150\" srcset=\"https:\/\/catchshift.com\/wp-content\/uploads\/2024\/07\/20-2-150x150.png 150w, https:\/\/catchshift.com\/wp-content\/uploads\/2024\/07\/20-2.png 300w\" sizes=\"(max-width: 150px) 100vw, 150px\" \/><\/a><\/p>\n<p class=\"text-container\"><strong>Bear Vakuumheber<\/strong><\/p>\n<p class=\"text-container\"><span style=\"font-weight: 400;\">Der leistungsst\u00e4rkste Vakuumheber auf dem Markt.<\/span><\/p>\n<\/div>\n<\/div>\n<h2>Pflasterstein-Entferner<\/h2>\n<div class=\"row\">\n<div class=\"column\">\n<p class=\"image-container\"><a href=\"https:\/\/catchshift.com\/produkt\/snake\/\"><img class=\"alignnone wp-image-12102 size-thumbnail\" src=\"https:\/\/catchshift.com\/wp-content\/uploads\/2024\/07\/16-1-150x150.png\" alt=\"\" width=\"150\" height=\"150\" srcset=\"https:\/\/catchshift.com\/wp-content\/uploads\/2024\/07\/16-1-150x150.png 150w, https:\/\/catchshift.com\/wp-content\/uploads\/2024\/07\/16-1.png 300w\" sizes=\"(max-width: 150px) 100vw, 150px\" \/><\/a><\/p>\n<p class=\"text-container\"><strong>Snake Vakuumheber<\/strong><\/p>\n<p class=\"text-container\"><span style=\"font-weight: 400;\">Heber zum Entfernen von Pflastersteinen.<\/span><\/p>\n<\/div>\n<\/div>\n","protected":false},"excerpt":{"rendered":"<p>Wie viele Kilogramm m\u00fcssen Sie heben? Bei Catchshift haben wir L\u00f6sungen f\u00fcr das Handling selbst der schwersten Lasten. Klicken Sie auf den Heber, der Sie interessiert, um mehr zu erfahren. Ich freue mich darauf, Ihnen zu helfen! Rufen Sie uns an unter +48 503 823 573 oder schreiben Sie uns eine E-Mail an jack@catchshift.com Vakuumheber [&hellip;]<\/p>\n","protected":false},"author":15,"featured_media":0,"parent":0,"menu_order":0,"comment_status":"closed","ping_status":"closed","template":"tpl-service-page.php","meta":[],"acf":[],"_links":{"self":[{"href":"https:\/\/catchshift.com\/de\/wp-json\/wp\/v2\/pages\/12276"}],"collection":[{"href":"https:\/\/catchshift.com\/de\/wp-json\/wp\/v2\/pages"}],"about":[{"href":"https:\/\/catchshift.com\/de\/wp-json\/wp\/v2\/types\/page"}],"author":[{"embeddable":true,"href":"https:\/\/catchshift.com\/de\/wp-json\/wp\/v2\/users\/15"}],"replies":[{"embeddable":true,"href":"https:\/\/catchshift.com\/de\/wp-json\/wp\/v2\/comments?post=12276"}],"version-history":[{"count":1,"href":"https:\/\/catchshift.com\/de\/wp-json\/wp\/v2\/pages\/12276\/revisions"}],"predecessor-version":[{"id":12278,"href":"https:\/\/catchshift.com\/de\/wp-json\/wp\/v2\/pages\/12276\/revisions\/12278"}],"wp:attachment":[{"href":"https:\/\/catchshift.com\/de\/wp-json\/wp\/v2\/media?parent=12276"}],"curies":[{"name":"wp","href":"https:\/\/api.w.org\/{rel}","templated":true}]}}