{"id":1512,"date":"2018-10-22T11:00:26","date_gmt":"2018-10-22T09:00:26","guid":{"rendered":"https:\/\/catchshift.com\/?page_id=1512"},"modified":"2024-08-07T12:50:34","modified_gmt":"2024-08-07T10:50:34","slug":"strona-glowna","status":"publish","type":"page","link":"https:\/\/catchshift.com\/de\/","title":{"rendered":"Strona g\u0142\u00f3wna"},"content":{"rendered":"<h2>Welche Ausr\u00fcstung stellen wir her?<\/h2>\n<div class=\"row\">\n<div class=\"column\">\n<p class=\"image-container\"><img class=\"alignnone wp-image-11734\" src=\"https:\/\/catchshift.com\/wp-content\/uploads\/2024\/07\/8-150x150.png\" alt=\"\" width=\"100\" height=\"100\" srcset=\"https:\/\/catchshift.com\/wp-content\/uploads\/2024\/07\/8-150x150.png 150w, https:\/\/catchshift.com\/wp-content\/uploads\/2024\/07\/8.png 300w\" sizes=\"(max-width: 100px) 100vw, 100px\" \/><\/p>\n<p class=\"text-container\"><strong>Entworfen und hergestellt in Europa<\/strong><\/p>\n<p class=\"text-container\"><span style=\"font-weight: 400;\">Unsere Vakuumheber werden in \u00dcbereinstimmung mit strengen Qualit\u00e4tsstandards hergestellt und verwenden nur erprobte und getestete Komponenten.<\/span><\/p>\n<\/div>\n<div class=\"column\">\n<p class=\"image-container\"><img class=\"wp-image-11741\" src=\"https:\/\/catchshift.com\/wp-content\/uploads\/2024\/07\/1.png\" alt=\"\" width=\"100\" height=\"100\" \/><\/p>\n<p class=\"text-container\"><strong>Einfache und benutzerfreundliche Bedienung<\/strong><\/p>\n<p class=\"text-container\"><span style=\"font-weight: 400;\">Es sind keine umfangreichen Schulungen oder spezialisierte Bediener erforderlich \u2013 unsere Ausr\u00fcstung ist unkompliziert und einfach zu bedienen.<\/span><\/p>\n<\/div>\n<div class=\"column\">\n<p class=\"image-container\"><img class=\"wp-image-11741\" src=\"https:\/\/catchshift.com\/wp-content\/uploads\/2024\/07\/2.png\" alt=\"\" width=\"100\" height=\"100\" \/><\/p>\n<p class=\"text-container\"><strong>Vielseitige Einsatzm\u00f6glichkeiten<\/strong><\/p>\n<p class=\"text-container\"><span style=\"font-weight: 400;\">Von Handmaschinen bis hin zu industriellen L\u00f6sungen, geeignet f\u00fcr Beton, Stein und Verbundmaterialien. Unsere Heber sind ideal in verschiedenen Branchen, in denen das Heben und Bewegen schwerer Materialien erforderlich ist.<\/span><\/p>\n<\/div>\n<div class=\"column\">\n<p class=\"image-container\"><img class=\"wp-image-11741\" src=\"https:\/\/catchshift.com\/wp-content\/uploads\/2024\/07\/3.png\" alt=\"\" width=\"100\" height=\"100\" \/><\/p>\n<p class=\"text-container\"><strong>Hocheffizient und anpassungsf\u00e4hig<\/strong><\/p>\n<p class=\"text-container\">Jeder Heber kann mit Saugn\u00e4pfen f\u00fcr Platten in jeder Gr\u00f6\u00dfe und jedem Gewicht ausgestattet werden. Wir bieten anpassbare Optionen, um verschiedene Anforderungen zu erf\u00fcllen, wie z.B. die Integration mit einer Energieeinheit, die Anpassung an Gabelstapler oder den Anschluss an Bagger oder Krane.<\/p>\n<\/div>\n<h3>Entdecken Sie unser Sortiment an Hebeger\u00e4ten:<\/h3>\n<div class=\"row\">\n<div class=\"column\">\n<p class=\"image-container\"><a href=\"https:\/\/catchshift.com\/en\/product\/wolf4000\/\"><img class=\"alignnone wp-image-11808\" src=\"https:\/\/catchshift.com\/wp-content\/uploads\/2024\/07\/13.png\" alt=\"\" width=\"200\" height=\"200\" srcset=\"https:\/\/catchshift.com\/wp-content\/uploads\/2024\/07\/13.png 300w, https:\/\/catchshift.com\/wp-content\/uploads\/2024\/07\/13-150x150.png 150w\" sizes=\"(max-width: 200px) 100vw, 200px\" \/><\/a><\/p>\n<p class=\"text-container\"><strong>WOLF Vakuumheber &#8211; 4000 kg Kapazit\u00e4t<\/strong><\/p>\n<p class=\"text-container\"><span style=\"font-weight: 400;\">Ein leistungsstarker Vakuumheber, angetrieben von einem Verbrennungsmotor.<\/span><\/p>\n<\/div>\n<div class=\"column\">\n<p class=\"image-container\"><a href=\"https:\/\/catchshift.com\/en\/product\/mickey255\/\"><img class=\"alignnone wp-image-11790\" src=\"https:\/\/catchshift.com\/wp-content\/uploads\/2024\/07\/10.png\" alt=\"\" width=\"200\" height=\"200\" srcset=\"https:\/\/catchshift.com\/wp-content\/uploads\/2024\/07\/10.png 300w, https:\/\/catchshift.com\/wp-content\/uploads\/2024\/07\/10-150x150.png 150w\" sizes=\"(max-width: 200px) 100vw, 200px\" \/><\/a><\/p>\n<p class=\"text-container\"><strong>E-Mickey Vakuumheber &#8211; 255 kg Kapazit\u00e4t<\/strong><\/p>\n<p class=\"text-container\"><span style=\"font-weight: 400;\">Ein batteriebetriebener Vakuumheber f\u00fcr den manuellen Einsatz oder in Verbindung mit Hebeger\u00e4ten.<\/span><\/p>\n<\/div>\n<div class=\"column\">\n<p class=\"image-container\"><a href=\"https:\/\/catchshift.com\/en\/product\/trolly500\/\"><img class=\"alignnone wp-image-11802\" src=\"https:\/\/catchshift.com\/wp-content\/uploads\/2024\/07\/12.png\" alt=\"\" width=\"200\" height=\"200\" srcset=\"https:\/\/catchshift.com\/wp-content\/uploads\/2024\/07\/12.png 300w, https:\/\/catchshift.com\/wp-content\/uploads\/2024\/07\/12-150x150.png 150w\" sizes=\"(max-width: 200px) 100vw, 200px\" \/><\/a><\/p>\n<p class=\"text-container\"><strong>Trolly Transportwagen mit Saugnapf<\/strong><\/p>\n<p class=\"text-container\"><span style=\"font-weight: 400;\">F\u00fcr den bequemen Transport und die Platzierung von gro\u00dfformatigen Platten.<\/span><\/p>\n<\/div>\n<div class=\"column\">\n<p class=\"image-container\"><a href=\"https:\/\/catchshift.com\/produkt\/frog600\/\"><img class=\"alignnone wp-image-11796\" src=\"https:\/\/catchshift.com\/wp-content\/uploads\/2024\/07\/11.png\" alt=\"\" width=\"200\" height=\"200\" srcset=\"https:\/\/catchshift.com\/wp-content\/uploads\/2024\/07\/11.png 300w, https:\/\/catchshift.com\/wp-content\/uploads\/2024\/07\/11-150x150.png 150w\" sizes=\"(max-width: 200px) 100vw, 200px\" \/><\/a><\/p>\n<p class=\"text-container\"><strong>Frog Vakuumheber &#8211; 600 kg Kapazit\u00e4t<\/strong><\/p>\n<p class=\"text-container\">Ein praktischer Heber f\u00fcr die Positionierung und einfache Drehung von Betonelementen.<\/p>\n<\/div>\n<\/div>\n<h2>W\u00e4hlen Sie Catchshift-Technologie<\/h2>\n<p>Entworfen und hergestellt in Polen, beeindrucken unsere Saugn\u00e4pfe f\u00fcr Pflastersteine, Betonplatten, Terrassenplatten, Steinplatten, Fertigteile und Randsteine mit innovativen L\u00f6sungen. Jeder Catchshift Vakuumheber:<\/p>\n<ul>\n<li>Verf\u00fcgt \u00fcber ein \u00e4sthetisch ansprechendes und gleichzeitig robustes Geh\u00e4use, das vor St\u00f6\u00dfen und rauen Witterungsbedingungen sch\u00fctzt.<\/li>\n<li>Gew\u00e4hrleistet Sicherheit w\u00e4hrend des Gebrauchs, wobei sich die Saugn\u00e4pfe w\u00e4hrend des Betriebs nicht vom Material l\u00f6sen.<\/li>\n<li><strong>Erf\u00fcllt die Qualit\u00e4tsstandards<\/strong> und Vorschriften, die in der Europ\u00e4ischen Union gelten.<\/li>\n<li>Ist einfach zu bedienen, einige Heber sind mit ergonomischen Griffen ausgestattet, und alle Modelle sind an andere Ger\u00e4te wie Bagger oder Krane anpassbar.<\/li>\n<\/ul>\n<p>Bei Catchshift garantieren wir Ihnen umfassenden Service, egal ob Sie neuer oder wiederkehrender Kunde sind. Wir helfen Ihnen, die richtigen Saugn\u00e4pfe f\u00fcr Betonplatten auszuw\u00e4hlen, beraten Sie, in welche Vakuumheber es sich lohnt zu investieren, und stellen Ihnen detaillierte Informationen zu allen verf\u00fcgbaren Vakuumhebeger\u00e4ten zur Verf\u00fcgung.<\/p>\n<h2>Mieten oder kaufen Sie Vakuumheber<\/h2>\n<p>Kaufen oder mieten Sie einen Vakuumheber f\u00fcr Stein- und Betonplatten \u2013 unabh\u00e4ngig von der gew\u00e4hlten Option k\u00f6nnen Sie sicher sein, dass wir Ihre Ausr\u00fcstung so schnell wie m\u00f6glich liefern. Alle Heber k\u00f6nnen mit Saugn\u00e4pfen f\u00fcr Einfahrten, Gehwege und gro\u00dfformatige Platten in verschiedenen Formen und Gr\u00f6\u00dfen ausgestattet werden.<\/p>\n<p>W\u00e4hlen Sie noch heute Vakuumheber von Catchshift, um Ihre Arbeitseffizienz zu steigern, den Komfort und die Sicherheit Ihrer Mitarbeiter zu gew\u00e4hrleisten und empfindliche Materialien vor Besch\u00e4digungen zu sch\u00fctzen. Kontaktieren Sie uns, um die Bedingungen der Zusammenarbeit zu besprechen und unser gesamtes Sortiment zu erkunden, einschlie\u00dflich spezieller Heber f\u00fcr Betonplatten.<\/p>\n<p>Suchen Sie einen professionellen Hersteller von Vakuumhebern f\u00fcr den Transport von Beton- und Pflasterelementen?<br \/>\nMit \u00fcber 10 Jahren Erfahrung im Bereich der Vakuumtechnik in der Bauindustrie entwickeln und produzieren wir alle unsere Ger\u00e4te im eigenen Haus unter Nutzung modernster Technologie. Wir h\u00f6ren auf das Feedback der Nutzer und reagieren kontinuierlich auf die Bed\u00fcrfnisse des Marktes. Wir sind f\u00fcr Sie da!<\/p>\n","protected":false},"excerpt":{"rendered":"<p>Welche Ausr\u00fcstung stellen wir her? Entworfen und hergestellt in Europa Unsere Vakuumheber werden in \u00dcbereinstimmung mit strengen Qualit\u00e4tsstandards hergestellt und verwenden nur erprobte und getestete Komponenten. Einfache und benutzerfreundliche Bedienung Es sind keine umfangreichen Schulungen oder spezialisierte Bediener erforderlich \u2013 unsere Ausr\u00fcstung ist unkompliziert und einfach zu bedienen. Vielseitige Einsatzm\u00f6glichkeiten Von Handmaschinen bis hin zu [&hellip;]<\/p>\n","protected":false},"author":1,"featured_media":0,"parent":0,"menu_order":0,"comment_status":"closed","ping_status":"closed","template":"front-page.php","meta":[],"acf":[],"_links":{"self":[{"href":"https:\/\/catchshift.com\/de\/wp-json\/wp\/v2\/pages\/1512"}],"collection":[{"href":"https:\/\/catchshift.com\/de\/wp-json\/wp\/v2\/pages"}],"about":[{"href":"https:\/\/catchshift.com\/de\/wp-json\/wp\/v2\/types\/page"}],"author":[{"embeddable":true,"href":"https:\/\/catchshift.com\/de\/wp-json\/wp\/v2\/users\/1"}],"replies":[{"embeddable":true,"href":"https:\/\/catchshift.com\/de\/wp-json\/wp\/v2\/comments?post=1512"}],"version-history":[{"count":23,"href":"https:\/\/catchshift.com\/de\/wp-json\/wp\/v2\/pages\/1512\/revisions"}],"predecessor-version":[{"id":12281,"href":"https:\/\/catchshift.com\/de\/wp-json\/wp\/v2\/pages\/1512\/revisions\/12281"}],"wp:attachment":[{"href":"https:\/\/catchshift.com\/de\/wp-json\/wp\/v2\/media?parent=1512"}],"curies":[{"name":"wp","href":"https:\/\/api.w.org\/{rel}","templated":true}]}}