{"id":6825,"date":"2021-08-05T23:26:13","date_gmt":"2021-08-05T21:26:13","guid":{"rendered":"https:\/\/catchshift.com\/o-nas\/"},"modified":"2024-08-07T13:01:38","modified_gmt":"2024-08-07T11:01:38","slug":"ueber-uns","status":"publish","type":"page","link":"https:\/\/catchshift.com\/de\/ueber-uns\/","title":{"rendered":"\u00dcber uns"},"content":{"rendered":"<p><span style=\"font-weight: 400;\">Auf dieser Seite erfahren Sie, warum die Marke Catchshift gegr\u00fcndet wurde und wer dahinter steht.<\/span><\/p>\n<p><span style=\"font-weight: 400;\">Seit \u00fcber einem Jahrzehnt sind wir im Markt f\u00fcr Vakuumheber t\u00e4tig und bieten bahnbrechende L\u00f6sungen f\u00fcr den Transport und die Installation von Beton- und Pflasterelementen an. Bei Catchshift kombinieren wir Erfahrung mit Modernit\u00e4t und entwickeln Ger\u00e4te, die die Zukunft des Bauens definieren.<\/span><\/p>\n<p><span style=\"font-weight: 400;\">Die Marke Catchshift hat ihren Hauptsitz in Wolsztyn, Polen.<\/span><\/p>\n<p><span style=\"font-weight: 400;\">Die Vakuumheber von Catchshift sind auf maximale Sicherheit und Effizienz ausgelegt. Wir nutzen fortschrittliche Technologien. <strong>Unsere Vakuumheber werden von Anfang bis Ende in Polen entworfen und hergestellt.<\/strong> Neue Maschinendesigns basieren auf Feedback, das wir in Kundeninterviews sammeln. Wir legen gro\u00dfen Wert auf qualitatives Feedback der Unternehmen, mit denen wir zusammenarbeiten, sowie unserer Kunden.<\/span><\/p>\n<div class=\"row\">\n<div class=\"column\">\n<h4 class=\"image-container\"><img class=\"alignnone wp-image-11975\" src=\"https:\/\/catchshift.com\/wp-content\/uploads\/2024\/07\/26-1.png\" alt=\"\" width=\"150\" height=\"150\" srcset=\"https:\/\/catchshift.com\/wp-content\/uploads\/2024\/07\/26-1.png 300w, https:\/\/catchshift.com\/wp-content\/uploads\/2024\/07\/26-1-150x150.png 150w\" sizes=\"(max-width: 150px) 100vw, 150px\" \/>Jahre in der Vakuumheber-Branche<\/h4>\n<p>&nbsp;<\/p>\n<\/div>\n<div class=\"column\">\n<p class=\"image-container\"><img class=\"alignnone wp-image-12149\" src=\"https:\/\/catchshift.com\/wp-content\/uploads\/2024\/08\/ikony-150x150.png\" alt=\"\" width=\"150\" height=\"150\" srcset=\"https:\/\/catchshift.com\/wp-content\/uploads\/2024\/08\/ikony-150x150.png 150w, https:\/\/catchshift.com\/wp-content\/uploads\/2024\/08\/ikony.png 300w\" sizes=\"(max-width: 150px) 100vw, 150px\" \/><\/p>\n<h4 class=\"text-container\">Wir sind in 13 L\u00e4ndern auf 3 Kontinenten vertreten<\/h4>\n<p>&nbsp;<\/p>\n<\/div>\n<div class=\"column\">\n<p class=\"image-container\"><img class=\"alignnone wp-image-11987\" src=\"https:\/\/catchshift.com\/wp-content\/uploads\/2024\/07\/28.png\" alt=\"\" width=\"150\" height=\"150\" srcset=\"https:\/\/catchshift.com\/wp-content\/uploads\/2024\/07\/28.png 300w, https:\/\/catchshift.com\/wp-content\/uploads\/2024\/07\/28-150x150.png 150w\" sizes=\"(max-width: 150px) 100vw, 150px\" \/><\/p>\n<h4 class=\"text-container\">Verkaufte Maschinen weltweit<\/h4>\n<p>&nbsp;<\/p>\n<\/div>\n<div class=\"column\">\n<h4 class=\"image-container\"><img class=\"alignnone wp-image-11969\" src=\"https:\/\/catchshift.com\/wp-content\/uploads\/2024\/07\/25-1.png\" alt=\"\" width=\"150\" height=\"150\" srcset=\"https:\/\/catchshift.com\/wp-content\/uploads\/2024\/07\/25-1.png 300w, https:\/\/catchshift.com\/wp-content\/uploads\/2024\/07\/25-1-150x150.png 150w\" sizes=\"(max-width: 150px) 100vw, 150px\" \/>Vermietete Maschinen<\/h4>\n<\/div>\n<\/div>\n<p>Wir bieten umfassende L\u00f6sungen, die eine <strong>schnelle und sichere Installation<\/strong> verschiedener Materialien erm\u00f6glichen \u2013 von Betonplatten bis hin zu Steinelementen. Durch die Zusammenarbeit mit uns erhalten Sie nicht nur Ausr\u00fcstung, sondern auch volle Unterst\u00fctzung durch unser Team \u2013 von technischer Beratung bis hin zu After-Sales-Service.<\/p>\n<p><span style=\"font-weight: 400;\">Alle <strong>Ger\u00e4te werden intern entworfen und hergestellt<\/strong>, wobei wir die neuesten Technologien nutzen und auf das Feedback der Benutzer h\u00f6ren, um kontinuierlich auf die Marktbed\u00fcrfnisse zu reagieren.<\/span><\/p>\n<h3>Warum Catchshift-Maschinen w\u00e4hlen?<\/h3>\n<p>\u27a1\ufe0f sie erm\u00f6glichen die Installation von gro\u00dfformatigen Elementen,<br \/>\n\u27a1\ufe0f beschleunigen die Projektabwicklung erheblich,<br \/>\n\u27a1\ufe0f erh\u00f6hen die Sicherheit am Arbeitsplatz,<br \/>\n\u27a1\ufe0f verringern die k\u00f6rperliche Belastung der Mitarbeiter und schonen deren R\u00fccken und Gelenke.<\/p>\n<p><em><span style=\"font-weight: 400;\">&#8222;Wir setzen uns daf\u00fcr ein, die Arbeitssicherheit zu verbessern, indem wir professionelle und zuverl\u00e4ssige L\u00f6sungen f\u00fcr das Heben und Installieren von Betonelementen anbieten. Wir glauben, dass die Sensibilisierung f\u00fcr die Vakuumtechnologie in der Bauindustrie zu ihrem dynamischen Wachstum beitragen wird. Wir sch\u00f6pfen aus unseren reichen, langj\u00e4hrigen Erfahrungen im Alltag, weshalb wir wissen, wie wichtig jede Phase der Zusammenarbeit ist \u2013 vom Design \u00fcber die Produktion und den Maschinenservice bis hin zum After-Sales-Support.&#8220;<\/span><\/em><\/p>\n<p style=\"text-align: center;\"><strong>Wir stehen Ihnen zur Verf\u00fcgung!<\/strong><\/p>\n<p>&nbsp;<\/p>\n<p><img class=\"wp-image-11960 aligncenter\" src=\"https:\/\/catchshift.com\/wp-content\/uploads\/2024\/07\/WhatsApp-Image-2024-07-17-at-12.16.48-1024x640.jpeg\" alt=\"\" width=\"674\" height=\"421\" srcset=\"https:\/\/catchshift.com\/wp-content\/uploads\/2024\/07\/WhatsApp-Image-2024-07-17-at-12.16.48-1024x640.jpeg 1024w, https:\/\/catchshift.com\/wp-content\/uploads\/2024\/07\/WhatsApp-Image-2024-07-17-at-12.16.48-300x188.jpeg 300w, https:\/\/catchshift.com\/wp-content\/uploads\/2024\/07\/WhatsApp-Image-2024-07-17-at-12.16.48-768x480.jpeg 768w, https:\/\/catchshift.com\/wp-content\/uploads\/2024\/07\/WhatsApp-Image-2024-07-17-at-12.16.48-1536x960.jpeg 1536w, https:\/\/catchshift.com\/wp-content\/uploads\/2024\/07\/WhatsApp-Image-2024-07-17-at-12.16.48-1200x750.jpeg 1200w, https:\/\/catchshift.com\/wp-content\/uploads\/2024\/07\/WhatsApp-Image-2024-07-17-at-12.16.48-640x400.jpeg 640w, https:\/\/catchshift.com\/wp-content\/uploads\/2024\/07\/WhatsApp-Image-2024-07-17-at-12.16.48.jpeg 1600w\" sizes=\"(max-width: 674px) 100vw, 674px\" \/><\/p>\n<p>Mit unserer zuverl\u00e4ssigen und einfach zu bedienenden Vakuumausr\u00fcstung k\u00f6nnen verschiedene Arten von Betonplatten und Steinelementen schnell und komfortabel installiert werden. Die Vakuummaschinen sind mit Saugn\u00e4pfen f\u00fcr Platten ausgestattet, die Materialien mit unterschiedlichen Gewichten, Montagerichtungen und Oberfl\u00e4chenstrukturen sicher handhaben k\u00f6nnen. Unser Ziel ist es, in jeder Situation die optimale L\u00f6sung zu finden \u2013 denn <strong>Ihre Bed\u00fcrfnisse stehen f\u00fcr uns an erster Stelle<\/strong>.<\/p>\n<p><strong>Wir erweitern st\u00e4ndig unseren Maschinenpark<\/strong>, und unsere effiziente Logistik sorgt f\u00fcr kurze Lieferzeiten. Wir arbeiten mit verschiedenen Branchen zusammen, darunter Bauwesen, Pflasterbau, Entw\u00e4sserung und Betonfertigteilhersteller.<\/p>\n<p>Bei allem, was wir tun, steht Sicherheit an erster Stelle. Bevor wir Ihnen die Ausr\u00fcstung \u00fcbergeben, \u00fcberpr\u00fcfen wir sie gr\u00fcndlich und f\u00fchren Belastungstests durch. Die auf der Baustelle eingesetzten Ger\u00e4te sind mit zus\u00e4tzlichen Sicherheitsmerkmalen ausgestattet, um St\u00fcrze zu verhindern, <strong>gem\u00e4\u00df der europ\u00e4ischen Norm EN 13155<\/strong>, die unter anderem besagt, dass beim Heben von Lasten \u00fcber 1,8 m Sicherheitsgurte oder Maschinen mit doppeltem Vakuumkreislauf verwendet werden m\u00fcssen.<\/p>\n","protected":false},"excerpt":{"rendered":"<p>Auf dieser Seite erfahren Sie, warum die Marke Catchshift gegr\u00fcndet wurde und wer dahinter steht. Seit \u00fcber einem Jahrzehnt sind wir im Markt f\u00fcr Vakuumheber t\u00e4tig und bieten bahnbrechende L\u00f6sungen f\u00fcr den Transport und die Installation von Beton- und Pflasterelementen an. Bei Catchshift kombinieren wir Erfahrung mit Modernit\u00e4t und entwickeln Ger\u00e4te, die die Zukunft des [&hellip;]<\/p>\n","protected":false},"author":11,"featured_media":0,"parent":0,"menu_order":0,"comment_status":"closed","ping_status":"closed","template":"tpl-about-us.php","meta":[],"acf":[],"_links":{"self":[{"href":"https:\/\/catchshift.com\/de\/wp-json\/wp\/v2\/pages\/6825"}],"collection":[{"href":"https:\/\/catchshift.com\/de\/wp-json\/wp\/v2\/pages"}],"about":[{"href":"https:\/\/catchshift.com\/de\/wp-json\/wp\/v2\/types\/page"}],"author":[{"embeddable":true,"href":"https:\/\/catchshift.com\/de\/wp-json\/wp\/v2\/users\/11"}],"replies":[{"embeddable":true,"href":"https:\/\/catchshift.com\/de\/wp-json\/wp\/v2\/comments?post=6825"}],"version-history":[{"count":13,"href":"https:\/\/catchshift.com\/de\/wp-json\/wp\/v2\/pages\/6825\/revisions"}],"predecessor-version":[{"id":12284,"href":"https:\/\/catchshift.com\/de\/wp-json\/wp\/v2\/pages\/6825\/revisions\/12284"}],"wp:attachment":[{"href":"https:\/\/catchshift.com\/de\/wp-json\/wp\/v2\/media?parent=6825"}],"curies":[{"name":"wp","href":"https:\/\/api.w.org\/{rel}","templated":true}]}}