{"id":7916,"date":"2021-09-06T05:07:42","date_gmt":"2021-09-06T03:07:42","guid":{"rendered":"https:\/\/catchshift.com\/serwis\/"},"modified":"2022-08-16T11:34:27","modified_gmt":"2022-08-16T09:34:27","slug":"wartung","status":"publish","type":"page","link":"https:\/\/catchshift.com\/de\/wartung\/","title":{"rendered":"Wartung"},"content":{"rendered":"<h2>Problem w\u00e4hrend des Ger\u00e4tebetriebs.<\/h2>\n<p>In vielen F\u00e4llen reicht eine telefonische R\u00fccksprache mit unserem Servicetechniker aus. Wenn es jedoch notwendig ist, kommt der Servicetechniker zu dem von Ihnen angegebenen Ort und l\u00f6st das Problem. Wir k\u00f6nnen Ihnen auch eine Ersatzmaschine zur Verf\u00fcgung stellen, damit Sie die geplanten Arbeiten fortsetzen k\u00f6nnen.<\/p>\n","protected":false},"excerpt":{"rendered":"<p>Problem w\u00e4hrend des Ger\u00e4tebetriebs. In vielen F\u00e4llen reicht eine telefonische R\u00fccksprache mit unserem Servicetechniker aus. Wenn es jedoch notwendig ist, kommt der Servicetechniker zu dem von Ihnen angegebenen Ort und l\u00f6st das Problem. Wir k\u00f6nnen Ihnen auch eine Ersatzmaschine zur Verf\u00fcgung stellen, damit Sie die geplanten Arbeiten fortsetzen k\u00f6nnen.<\/p>\n","protected":false},"author":11,"featured_media":0,"parent":0,"menu_order":0,"comment_status":"closed","ping_status":"closed","template":"tpl-service-page.php","meta":[],"acf":[],"_links":{"self":[{"href":"https:\/\/catchshift.com\/de\/wp-json\/wp\/v2\/pages\/7916"}],"collection":[{"href":"https:\/\/catchshift.com\/de\/wp-json\/wp\/v2\/pages"}],"about":[{"href":"https:\/\/catchshift.com\/de\/wp-json\/wp\/v2\/types\/page"}],"author":[{"embeddable":true,"href":"https:\/\/catchshift.com\/de\/wp-json\/wp\/v2\/users\/11"}],"replies":[{"embeddable":true,"href":"https:\/\/catchshift.com\/de\/wp-json\/wp\/v2\/comments?post=7916"}],"version-history":[{"count":3,"href":"https:\/\/catchshift.com\/de\/wp-json\/wp\/v2\/pages\/7916\/revisions"}],"predecessor-version":[{"id":7919,"href":"https:\/\/catchshift.com\/de\/wp-json\/wp\/v2\/pages\/7916\/revisions\/7919"}],"wp:attachment":[{"href":"https:\/\/catchshift.com\/de\/wp-json\/wp\/v2\/media?parent=7916"}],"curies":[{"name":"wp","href":"https:\/\/api.w.org\/{rel}","templated":true}]}}