{"id":7920,"date":"2022-04-05T13:04:56","date_gmt":"2022-04-05T11:04:56","guid":{"rendered":"https:\/\/catchshift.com\/dystrybutorzy\/"},"modified":"2024-08-07T10:54:02","modified_gmt":"2024-08-07T08:54:02","slug":"vertriebspartner","status":"publish","type":"page","link":"https:\/\/catchshift.com\/de\/vertriebspartner\/","title":{"rendered":"M\u00f6chten Sie unser Vertriebspartner werden?"},"content":{"rendered":"<p>Kennen Sie den Markt f\u00fcr Baumaschinen wie Ihre Westentasche? Oder beginnen Sie gerade Ihre Karriere in dieser Branche? Sie sind hier genau richtig \u2013 bei Catchshift suchen wir vertrauensw\u00fcrdige Vertriebspartner.<\/p>\n<p><strong>Derzeit suchen wir Vertriebspartner in den USA, Frankreich und Schweden. K\u00f6nnten Sie das sein?<\/strong><\/p>\n<p>Bei uns k\u00f6nnen Sie g\u00fcnstige Kooperationsbedingungen erwarten. Bei Catchshift legen wir gro\u00dfen Wert auf Partnerschaften mit Fachleuten, weshalb die Details der Zusammenarbeit immer individuell von einem Vorstandsmitglied best\u00e4tigt werden. Wenn Sie nach Produkten suchen, die Sie vertreiben m\u00f6chten, ist Catchshift die perfekte Wahl.<\/p>\n<p>Unsere qualifizierten Berater stehen Ihnen zur Verf\u00fcgung, um alle Fragen zu den Kooperationsbedingungen, Finanzen, Logistik, Marketing und Produktverkauf in Ihrem Markt zu beantworten. Sie erhalten einen pers\u00f6nlichen Ansprechpartner.<\/p>\n<p><span style=\"font-weight: 400;\">Bei Catchshift setzen wir auf langfristige Beziehungen zu unseren Vertriebspartnern. Wir bieten nicht nur Verk\u00e4ufe, sondern umfassende Unterst\u00fctzung in jeder Phase \u2013 von der Auswahl des richtigen Modells \u00fcber Schulungen in Betrieb, Vertrieb und Marketing bis hin zu Service und Wartung.<\/span><\/p>\n<p><span style=\"font-weight: 400;\">Catchshift ist Ihr vertrauensw\u00fcrdiger Gesch\u00e4ftspartner \u2013 entdecken Sie mit uns die Technologien, die die Welt ver\u00e4ndern. Wir laden Sie ein, mit uns Kontakt aufzunehmen und eine Zusammenarbeit zu beginnen!<\/span><\/p>\n<h2>Wie funktioniert die Zusammenarbeit mit Catchshift? Erste Schritte:<\/h2>\n<div class=\"row\">\n<div class=\"column\">\n<p class=\"image-container\"><img class=\"alignnone wp-image-11828 \" src=\"https:\/\/catchshift.com\/wp-content\/uploads\/2024\/07\/16.png\" alt=\"\" width=\"100\" height=\"100\" srcset=\"https:\/\/catchshift.com\/wp-content\/uploads\/2024\/07\/16.png 300w, https:\/\/catchshift.com\/wp-content\/uploads\/2024\/07\/16-150x150.png 150w\" sizes=\"(max-width: 100px) 100vw, 100px\" \/><\/p>\n<p class=\"text-container\"><strong>Schritt 1: Hinterlassen Sie Ihre Kontaktdaten.<\/strong><\/p>\n<p>F\u00fcllen Sie das Formular unten auf der Seite aus oder schreiben Sie uns an <a href=\"mailto:jack@catchshift.com\"><strong>jack@catchshift.com<\/strong><\/a> oder rufen Sie uns an: <a href=\"tel:+48683475857\"><strong>+48 683 475 857<\/strong><\/a>.<br \/>\nSie k\u00f6nnen uns auch auf LinkedIn kontaktieren. Wir antworten so schnell wie m\u00f6glich.<\/p>\n<\/div>\n<div class=\"column\">\n<p class=\"image-container\"><img class=\"alignnone wp-image-11834 \" src=\"https:\/\/catchshift.com\/wp-content\/uploads\/2024\/07\/17.png\" alt=\"\" width=\"100\" height=\"100\" srcset=\"https:\/\/catchshift.com\/wp-content\/uploads\/2024\/07\/17.png 300w, https:\/\/catchshift.com\/wp-content\/uploads\/2024\/07\/17-150x150.png 150w\" sizes=\"(max-width: 100px) 100vw, 100px\" \/><\/p>\n<p class=\"text-container\"><strong>Schritt 2: Beratungsgespr\u00e4ch mit einem Berater.<\/strong><\/p>\n<p>W\u00e4hrend des vereinbarten Gespr\u00e4chs gibt Ihnen der Berater einen detaillierten \u00dcberblick \u00fcber unser Vertriebsmodell und die Marke Catchshift.<br \/>\nDer Berater wird nach Ihren Erwartungen, Ihrer Vision f\u00fcr die Partnerschaft und den M\u00f6glichkeiten f\u00fcr den Verkauf unserer Ausr\u00fcstung in Ihrem Markt fragen.<\/p>\n<\/div>\n<div class=\"column\">\n<p class=\"image-container\"><img class=\"alignnone wp-image-12218 \" src=\"https:\/\/catchshift.com\/wp-content\/uploads\/2024\/08\/8-150x150.png\" alt=\"\" width=\"100\" height=\"100\" srcset=\"https:\/\/catchshift.com\/wp-content\/uploads\/2024\/08\/8-150x150.png 150w, https:\/\/catchshift.com\/wp-content\/uploads\/2024\/08\/8.png 300w\" sizes=\"(max-width: 100px) 100vw, 100px\" \/><\/p>\n<p class=\"text-container\"><strong>Schritt 3: Bedarfsanalyse.<\/strong><\/p>\n<p>Wir werden ein ma\u00dfgeschneidertes Angebot erstellen, das den Bed\u00fcrfnissen Ihres Unternehmens entspricht. Gemeinsam bestimmen wir, welche Maschinen am besten geeignet sind.<\/p>\n<\/div>\n<div class=\"column\">\n<p class=\"image-container\"><img class=\"alignnone wp-image-12224 \" src=\"https:\/\/catchshift.com\/wp-content\/uploads\/2024\/08\/9-150x150.png\" alt=\"\" width=\"100\" height=\"100\" srcset=\"https:\/\/catchshift.com\/wp-content\/uploads\/2024\/08\/9-150x150.png 150w, https:\/\/catchshift.com\/wp-content\/uploads\/2024\/08\/9.png 300w\" sizes=\"(max-width: 100px) 100vw, 100px\" \/><\/p>\n<p class=\"text-container\"><strong>Schritt 4: Angebotserstellung.<\/strong><\/p>\n<p>Wir werden Ihnen personalisierte und vorteilhafte finanzielle Konditionen zusenden.<\/p>\n<\/div>\n<\/div>\n<div class=\"row\">\n<div class=\"column\">\n<p class=\"image-container\"><img class=\"alignnone wp-image-11848 \" src=\"https:\/\/catchshift.com\/wp-content\/uploads\/2024\/07\/19-150x150.png\" alt=\"\" width=\"100\" height=\"100\" srcset=\"https:\/\/catchshift.com\/wp-content\/uploads\/2024\/07\/19-150x150.png 150w, https:\/\/catchshift.com\/wp-content\/uploads\/2024\/07\/19.png 300w\" sizes=\"(max-width: 100px) 100vw, 100px\" \/><\/p>\n<p class=\"text-container\"><strong>Schritt 5: Besuch in der polnischen Unternehmenszentrale.<\/strong><\/p>\n<p>Es ist immer sch\u00f6n, sich pers\u00f6nlich zu treffen! Besuchen Sie die polnische Unternehmenszentrale von Catchshift, um den Produktionsprozess live zu sehen.<\/p>\n<\/div>\n<div class=\"column\">\n<p class=\"image-container\"><img class=\"alignnone wp-image-12236 \" src=\"https:\/\/catchshift.com\/wp-content\/uploads\/2024\/08\/11-150x150.png\" alt=\"\" width=\"100\" height=\"100\" srcset=\"https:\/\/catchshift.com\/wp-content\/uploads\/2024\/08\/11-150x150.png 150w, https:\/\/catchshift.com\/wp-content\/uploads\/2024\/08\/11.png 300w\" sizes=\"(max-width: 100px) 100vw, 100px\" \/><\/p>\n<p class=\"text-container\"><strong>Schritt 6: Implementierung mit Schulung.<\/strong><\/p>\n<p>Wir laden Sie gerne zu einer detaillierten Schulung in unseren Vertriebs-, Marketing- und Produktionsabteilungen ein. Sie erhalten alle Marketingmaterialien von uns \u2013 Fotos, Brosch\u00fcren, Texte sowie Verkaufsskripte und technisches Know-how.<\/p>\n<\/div>\n<div class=\"column\">\n<p class=\"image-container\"><img class=\"alignnone wp-image-11840 \" src=\"https:\/\/catchshift.com\/wp-content\/uploads\/2024\/07\/18.png\" alt=\"\" width=\"100\" height=\"100\" srcset=\"https:\/\/catchshift.com\/wp-content\/uploads\/2024\/07\/18.png 300w, https:\/\/catchshift.com\/wp-content\/uploads\/2024\/07\/18-150x150.png 150w\" sizes=\"(max-width: 100px) 100vw, 100px\" \/><\/p>\n<p class=\"text-container\"><strong>Schritt 7: Vertragsunterzeichnung \u2013 Annahme des Angebots.<\/strong><\/p>\n<p>Nach der Schulung und der Festlegung aller Details unserer Zusammenarbeit wird es Zeit f\u00fcr die Unterzeichnung und Annahme des Vertrags.<\/p>\n<\/div>\n<div class=\"column\">\n<p class=\"image-container\"><img class=\"alignnone wp-image-12230 \" src=\"https:\/\/catchshift.com\/wp-content\/uploads\/2024\/08\/10-150x150.png\" alt=\"\" width=\"100\" height=\"100\" srcset=\"https:\/\/catchshift.com\/wp-content\/uploads\/2024\/08\/10-150x150.png 150w, https:\/\/catchshift.com\/wp-content\/uploads\/2024\/08\/10.png 300w\" sizes=\"(max-width: 100px) 100vw, 100px\" \/><\/p>\n<p class=\"text-container\"><strong>Schritt 8: Versand der Vakuumheber.<\/strong><\/p>\n<p>Wir sorgen f\u00fcr den sicheren weltweiten Versand der Produkte \u00fcber die Logistikunternehmen DB Schenker und UPS.<\/p>\n<\/div>\n<\/div>\n<p>&nbsp;<\/p>\n<h3>Warum lohnt es sich, Catchshift Vakuumheber zu w\u00e4hlen?<\/h3>\n<div class=\"row\">\n<div class=\"column\">\n<p class=\"image-container\"><img class=\"alignnone wp-image-11802 \" src=\"https:\/\/catchshift.com\/wp-content\/uploads\/2024\/07\/12.png\" alt=\"\" width=\"100\" height=\"100\" srcset=\"https:\/\/catchshift.com\/wp-content\/uploads\/2024\/07\/12.png 300w, https:\/\/catchshift.com\/wp-content\/uploads\/2024\/07\/12-150x150.png 150w\" sizes=\"(max-width: 100px) 100vw, 100px\" \/><\/p>\n<p class=\"text-container\"><strong>Effiziente Ausr\u00fcstung = effiziente Installation<\/strong><\/p>\n<p>Jeder Auftragnehmer sch\u00e4tzt Geschwindigkeit und Team-Effizienz. Mit Vakuumhebern k\u00f6nnen Kunden ihre Arbeit bis zu dreimal schneller erledigen.<\/p>\n<\/div>\n<div class=\"column\">\n<p class=\"image-container\"><img class=\"alignnone wp-image-11918 \" src=\"https:\/\/catchshift.com\/wp-content\/uploads\/2024\/07\/20-1.png\" alt=\"\" width=\"100\" height=\"100\" srcset=\"https:\/\/catchshift.com\/wp-content\/uploads\/2024\/07\/20-1.png 300w, https:\/\/catchshift.com\/wp-content\/uploads\/2024\/07\/20-1-150x150.png 150w\" sizes=\"(max-width: 100px) 100vw, 100px\" \/><\/p>\n<p class=\"text-container\"><strong>Komfort und Sicherheit<\/strong><\/p>\n<p>Vakuumheber erm\u00f6glichen eine Automatisierung, die die Sicherheit am Arbeitsplatz erh\u00f6ht. Benutzer loben unsere Vakuumheber daf\u00fcr, dass sie die Belastung von R\u00fccken und Knien verringern.<\/p>\n<\/div>\n<div class=\"column\">\n<p class=\"image-container\"><img class=\"alignnone wp-image-11734 \" src=\"https:\/\/catchshift.com\/wp-content\/uploads\/2024\/07\/8-150x150.png\" alt=\"\" width=\"100\" height=\"100\" srcset=\"https:\/\/catchshift.com\/wp-content\/uploads\/2024\/07\/8-150x150.png 150w, https:\/\/catchshift.com\/wp-content\/uploads\/2024\/07\/8.png 300w\" sizes=\"(max-width: 100px) 100vw, 100px\" \/><\/p>\n<p class=\"text-container\"><strong>Europ\u00e4ische Herstellung<\/strong><\/p>\n<p>Alle Vakuumheber entsprechen den EU-Standards und garantieren h\u00f6chste Qualit\u00e4t und Sicherheit.<\/p>\n<\/div>\n<div class=\"column\">\n<p class=\"image-container\"><img class=\"alignnone wp-image-11936 \" src=\"https:\/\/catchshift.com\/wp-content\/uploads\/2024\/07\/23-1.png\" alt=\"\" width=\"100\" height=\"100\" srcset=\"https:\/\/catchshift.com\/wp-content\/uploads\/2024\/07\/23-1.png 300w, https:\/\/catchshift.com\/wp-content\/uploads\/2024\/07\/23-1-150x150.png 150w\" sizes=\"(max-width: 100px) 100vw, 100px\" \/><\/p>\n<p class=\"text-container\"><strong>Individuelle Konfiguration<\/strong><\/p>\n<p>Wir bieten verschiedene Saugnapfgr\u00f6\u00dfen, ein modulares Hebersystem und die M\u00f6glichkeit, Maschinen (z.B. Kr\u00e4ne, Bagger) f\u00fcr verschiedene Plattentypen anzupassen.<\/p>\n<\/div>\n<\/div>\n<div class=\"row\">\n<div class=\"column\">\n<p class=\"image-container\"><img class=\"alignnone wp-image-11930 \" src=\"https:\/\/catchshift.com\/wp-content\/uploads\/2024\/07\/22-1.png\" alt=\"\" width=\"100\" height=\"100\" srcset=\"https:\/\/catchshift.com\/wp-content\/uploads\/2024\/07\/22-1.png 300w, https:\/\/catchshift.com\/wp-content\/uploads\/2024\/07\/22-1-150x150.png 150w\" sizes=\"(max-width: 100px) 100vw, 100px\" \/><\/p>\n<p class=\"text-container\"><strong>Remote-Technischer Support<\/strong><\/p>\n<p>Catchshift bietet Remote-Technischen Support an, was die L\u00f6sung von Problemen ohne einen Vor-Ort-Techniker erleichtert.<\/p>\n<\/div>\n<div class=\"column\">\n<p class=\"image-container\"><img class=\"alignnone wp-image-11924 \" src=\"https:\/\/catchshift.com\/wp-content\/uploads\/2024\/07\/21-1.png\" alt=\"\" width=\"100\" height=\"100\" srcset=\"https:\/\/catchshift.com\/wp-content\/uploads\/2024\/07\/21-1.png 300w, https:\/\/catchshift.com\/wp-content\/uploads\/2024\/07\/21-1-150x150.png 150w\" sizes=\"(max-width: 100px) 100vw, 100px\" \/><\/p>\n<p class=\"text-container\"><strong>Lorem Ipsum<\/strong><\/p>\n<p>Lorem ipsum.<\/p>\n<\/div>\n<div class=\"column\">\n<p class=\"image-container\"><img class=\"alignnone wp-image-11720 \" src=\"https:\/\/catchshift.com\/wp-content\/uploads\/2024\/07\/6.png\" alt=\"\" width=\"100\" height=\"100\" srcset=\"https:\/\/catchshift.com\/wp-content\/uploads\/2024\/07\/6.png 300w, https:\/\/catchshift.com\/wp-content\/uploads\/2024\/07\/6-150x150.png 150w\" sizes=\"(max-width: 100px) 100vw, 100px\" \/><\/p>\n<p class=\"text-container\"><strong>Niedrige Betriebskosten<\/strong><\/p>\n<p>Dank langlebiger Dichtungen, hochwertiger Filter und erstklassiger Materialien bleiben die Betriebskosten minimal. Unsere Produkte zeichnen sich auch durch einen niedrigen Kraftstoffverbrauch aus.<\/p>\n<\/div>\n<div class=\"column\">\n<p class=\"image-container\"><img class=\"alignnone wp-image-11690 \" src=\"https:\/\/catchshift.com\/wp-content\/uploads\/2024\/07\/1.png\" alt=\"\" width=\"100\" height=\"100\" srcset=\"https:\/\/catchshift.com\/wp-content\/uploads\/2024\/07\/1.png 300w, https:\/\/catchshift.com\/wp-content\/uploads\/2024\/07\/1-150x150.png 150w\" sizes=\"(max-width: 100px) 100vw, 100px\" \/><\/p>\n<p class=\"text-container\"><strong>Benutzerfreundlichkeit<\/strong><\/p>\n<p>Unsere intuitiven Vakuumheber erfordern keine spezielle Schulung f\u00fcr den Betrieb. Das ergonomische Design unserer Heber gew\u00e4hrleistet eine komfortable Nutzung unter allen Bedingungen.<\/p>\n<\/div>\n<\/div>\n<h3>Warum lohnt es sich, mit Catchshift zusammenzuarbeiten?<\/h3>\n<div class=\"row\">\n<div class=\"column\">\n<p class=\"image-container\"><img class=\"alignnone wp-image-11708 \" src=\"https:\/\/catchshift.com\/wp-content\/uploads\/2024\/07\/4.png\" alt=\"\" width=\"100\" height=\"100\" srcset=\"https:\/\/catchshift.com\/wp-content\/uploads\/2024\/07\/4.png 300w, https:\/\/catchshift.com\/wp-content\/uploads\/2024\/07\/4-150x150.png 150w\" sizes=\"(max-width: 100px) 100vw, 100px\" \/><\/p>\n<p>Sie k\u00f6nnen ein Produkt mit europ\u00e4ischen Qualit\u00e4tszertifikaten verkaufen.<\/p>\n<\/div>\n<div class=\"column\">\n<p class=\"image-container\"><img class=\"alignnone wp-image-11714 \" src=\"https:\/\/catchshift.com\/wp-content\/uploads\/2024\/07\/5.png\" alt=\"\" width=\"100\" height=\"100\" srcset=\"https:\/\/catchshift.com\/wp-content\/uploads\/2024\/07\/5.png 300w, https:\/\/catchshift.com\/wp-content\/uploads\/2024\/07\/5-150x150.png 150w\" sizes=\"(max-width: 100px) 100vw, 100px\" \/><\/p>\n<p>Wir bieten Ihnen kontinuierliche Vertriebs- und Marketingunterst\u00fctzung und sind flexibel \u2013 wir arbeiten in Ihrer Zeitzone.<\/p>\n<\/div>\n<div class=\"column\">\n<p class=\"image-container\"><img class=\"alignnone wp-image-11950 \" src=\"https:\/\/catchshift.com\/wp-content\/uploads\/2024\/07\/Wolsztyn.png\" alt=\"\" width=\"100\" height=\"100\" srcset=\"https:\/\/catchshift.com\/wp-content\/uploads\/2024\/07\/Wolsztyn.png 300w, https:\/\/catchshift.com\/wp-content\/uploads\/2024\/07\/Wolsztyn-150x150.png 150w\" sizes=\"(max-width: 100px) 100vw, 100px\" \/><\/p>\n<p>Wir spielen fair. Catchshift arbeitet mit einer transparenten Preispolitik.<\/p>\n<\/div>\n<div class=\"column\">\n<p class=\"image-container\"><img class=\"alignnone wp-image-11726 \" src=\"https:\/\/catchshift.com\/wp-content\/uploads\/2024\/07\/7.png\" alt=\"\" width=\"100\" height=\"100\" srcset=\"https:\/\/catchshift.com\/wp-content\/uploads\/2024\/07\/7.png 300w, https:\/\/catchshift.com\/wp-content\/uploads\/2024\/07\/7-150x150.png 150w\" sizes=\"(max-width: 100px) 100vw, 100px\" \/><\/p>\n<p>Sie gewinnen einen Gesch\u00e4ftspartner, der Sie nicht im Stich l\u00e4sst.<\/p>\n<\/div>\n<\/div>\n<h2 style=\"text-align: center;\">Rufen Sie uns an<\/h2>\n<p style=\"text-align: center;\">BF Hebetechnik<\/p>\n<p style=\"text-align: center;\"><strong>Dennis Wischki<\/strong><\/p>\n<p style=\"text-align: center;\">Mobil: +49 151 46149926<\/p>\n<p style=\"text-align: center;\">E-Mail: dennis@bfht.de<\/p>\n<p style=\"text-align: center;\"><img class=\"size-medium wp-image-11600 aligncenter\" src=\"https:\/\/catchshift.com\/wp-content\/uploads\/2024\/04\/Dennis-Wischki-300x293.png\" alt=\"\" width=\"300\" height=\"293\" srcset=\"https:\/\/catchshift.com\/wp-content\/uploads\/2024\/04\/Dennis-Wischki-300x293.png 300w, https:\/\/catchshift.com\/wp-content\/uploads\/2024\/04\/Dennis-Wischki-409x400.png 409w, https:\/\/catchshift.com\/wp-content\/uploads\/2024\/04\/Dennis-Wischki.png 533w\" sizes=\"(max-width: 300px) 100vw, 300px\" \/><\/p>\n<p style=\"text-align: center;\">&#8211;<\/p>\n<p style=\"text-align: center;\"><strong>Claus Schwenk<\/strong><\/p>\n<p style=\"text-align: center;\">Mobil: +49 170 1694222<\/p>\n<p style=\"text-align: center;\">E-Mail: claus@bfht.de<\/p>\n<p style=\"text-align: center;\">Christoph-Schweizer-Stra\u00dfe 4<br \/>\nSchramberg-Sulgen, BW 78713<br \/>\nDeutschland<\/p>\n<p style=\"text-align: center;\"><img class=\"size-medium wp-image-11594 aligncenter\" src=\"https:\/\/catchshift.com\/wp-content\/uploads\/2024\/04\/Claus-Schwenk-300x284.png\" alt=\"\" width=\"300\" height=\"284\" srcset=\"https:\/\/catchshift.com\/wp-content\/uploads\/2024\/04\/Claus-Schwenk-300x284.png 300w, https:\/\/catchshift.com\/wp-content\/uploads\/2024\/04\/Claus-Schwenk-422x400.png 422w, https:\/\/catchshift.com\/wp-content\/uploads\/2024\/04\/Claus-Schwenk.png 558w\" sizes=\"(max-width: 300px) 100vw, 300px\" \/><\/p>\n","protected":false},"excerpt":{"rendered":"<p>Kennen Sie den Markt f\u00fcr Baumaschinen wie Ihre Westentasche? Oder beginnen Sie gerade Ihre Karriere in dieser Branche? Sie sind hier genau richtig \u2013 bei Catchshift suchen wir vertrauensw\u00fcrdige Vertriebspartner. Derzeit suchen wir Vertriebspartner in den USA, Frankreich und Schweden. K\u00f6nnten Sie das sein? Bei uns k\u00f6nnen Sie g\u00fcnstige Kooperationsbedingungen erwarten. Bei Catchshift legen wir [&hellip;]<\/p>\n","protected":false},"author":11,"featured_media":0,"parent":0,"menu_order":0,"comment_status":"closed","ping_status":"closed","template":"tpl-service-page.php","meta":[],"acf":[],"_links":{"self":[{"href":"https:\/\/catchshift.com\/de\/wp-json\/wp\/v2\/pages\/7920"}],"collection":[{"href":"https:\/\/catchshift.com\/de\/wp-json\/wp\/v2\/pages"}],"about":[{"href":"https:\/\/catchshift.com\/de\/wp-json\/wp\/v2\/types\/page"}],"author":[{"embeddable":true,"href":"https:\/\/catchshift.com\/de\/wp-json\/wp\/v2\/users\/11"}],"replies":[{"embeddable":true,"href":"https:\/\/catchshift.com\/de\/wp-json\/wp\/v2\/comments?post=7920"}],"version-history":[{"count":8,"href":"https:\/\/catchshift.com\/de\/wp-json\/wp\/v2\/pages\/7920\/revisions"}],"predecessor-version":[{"id":12273,"href":"https:\/\/catchshift.com\/de\/wp-json\/wp\/v2\/pages\/7920\/revisions\/12273"}],"wp:attachment":[{"href":"https:\/\/catchshift.com\/de\/wp-json\/wp\/v2\/media?parent=7920"}],"curies":[{"name":"wp","href":"https:\/\/api.w.org\/{rel}","templated":true}]}}