{"id":10159,"date":"2023-03-15T13:54:39","date_gmt":"2023-03-15T12:54:39","guid":{"rendered":"https:\/\/catchshift.com\/kontakt\/"},"modified":"2025-06-03T07:47:53","modified_gmt":"2025-06-03T05:47:53","slug":"kontaktas","status":"publish","type":"page","link":"https:\/\/catchshift.com\/lt\/kontaktas\/","title":{"rendered":"Kontaktas"},"content":{"rendered":"\n<div class=\"custom-header-grey\">\n  <div class=\"container container-slug\">\n      <h1>Kontaktas<\/h1>\n<p style=\"text-align: center;\">Skontaktuj si\u0119 z nami! Specjali\u015bci z zespo\u0142u Catchshift s\u0105 do Twojej dyspozycji i odpowiadaj\u0105 na wiadomo\u015bci oraz telefony bardzo szybko.<\/p>\n    <\/div>\n<\/div>\n\n\n\n<div style=\"height:50px\" aria-hidden=\"true\" class=\"wp-block-spacer\"><\/div>\n\n\n\n<section class=\"where-we-are\">\n  <div class=\"container\">\n    <h2 class=\"h3-underline dark-text\">Kur mes esame?<\/h2>\n\t<div class=\"footer-contact-maps\">\n        <div class=\"footer-map\">\n        <div class=\"footer-map-item\">\n        <a class=\"wp360-maps\" href=\"https:\/\/goo.gl\/maps\/DUxVyjvUE9Y6sXrH8\"><iframe class=\"lazyload\" data-src=\"https:\/\/www.google.com\/maps\/embed?pb=!1m18!1m12!1m3!1d153.15599327543123!2d16.11879306116869!3d52.10710548747178!2m3!1f0!2f0!3f0!3m2!1i1024!2i768!4f13.1!3m3!1m2!1s0x4705da76fa14a56b%3A0xdf4c5866367f3655!2sPrzemys%C5%82owa%202%2C%2064-200%20Wolsztyn!5e0!3m2!1sen!2spl!4v1632080579376!5m2!1sen!2spl\" width=\"715\" height=\"196\" style=\"border:0;\" allowfullscreen=\"\" loading=\"lazy\"><\/iframe><\/a>\n                <p><span>CATCHSHIFT Sp. z o. o.<\/span>\n        ul. Przemys\u0142owa 2<br>\n        64-200 Wolsztyn<\/p>    <\/div>\n    <div class=\"footer-map-item\">\n      <a class=\"wp360-maps\" href=\"https:\/\/www.google.com\/maps\/place\/Okunin+21,+05-101+Nowy+Dw%C3%B3r+Mazowiecki\/@52.4306331,20.74456,17z\/data=!3m1!4b1!4m5!3m4!1s0x471ebaa2b80dd143:0x3ce4d2cd6e44ea7e!8m2!3d52.4306331!4d20.74456?hl=en\"><iframe class=\"lazyload\" data-src=\"https:\/\/www.google.com\/maps\/embed?pb=!1m18!1m12!1m3!1d2432.6779323397027!2d20.74456!3d52.430633099999994!2m3!1f0!2f0!3f0!3m2!1i1024!2i768!4f13.1!3m3!1m2!1s0x471ebaa2b80dd143%3A0x3ce4d2cd6e44ea7e!2sOkunin%2021%2C%2005-101%20Nowy%20Dw%C3%B3r%20Mazowiecki!5e0!3m2!1sen!2spl!4v1632080521609!5m2!1sen!2spl\" width=\"715\" height=\"196\" style=\"border:0;\" allowfullscreen=\"\" loading=\"lazy\"><\/iframe><\/a>\n                <p><span>CENTRUM DYSTRYBUCYJNE I SERWIS<\/span>\n        Okunin  21,<br>\n        05-101 Nowy Dw\u00f3r Mazowiecki<\/p>    <\/div>\n        <\/div>\n        \n    <\/div>\n    \n    \n  <\/div>\n<\/section>\n\n\n\n<div class=\"container\">\n       <div class=\"footer-contact\">\n        <div class=\"footer-contact company-info company-info-pl\">\n\n            <div class=\"footer-contact-buttons\">\n                <a href=\"tel:+48683475857\" class=\"btn-right-arrow btn-block btn-mb\">T:. +48 68 347 58 57<\/a>\n                <a href=\"mailto:kontakt@catchshift.com\" class=\"btn-right-arrow btn-mb btn-block\">E: kontakt@catchshift.com<\/a>\n            <\/div>\n            <div class=\"company-address\">\n                <p>NIP: <span class=\"color-orange\">9231720420<\/span><\/p>\n                <p>REGON: <span class=\"color-orange\">369338871<\/span><\/p>\n               \n            <\/div>\n        <\/div>\n    <\/div>\n             <\/div>\n\n\n\n<div class=\"wp-container-2 wp-block-group container\"><div class=\"wp-block-group__inner-container\">\n<div class=\"wp-block-contact-form-7-contact-form-selector page-contact\"><div role=\"form\" class=\"wpcf7\" id=\"wpcf7-f9591-o1\" lang=\"pl-PL\" dir=\"ltr\">\n<div class=\"screen-reader-response\"><p role=\"status\" aria-live=\"polite\" aria-atomic=\"true\"><\/p> <ul><\/ul><\/div>\n<form action=\"\/lt\/wp-json\/wp\/v2\/pages\/10159#wpcf7-f9591-o1\" method=\"post\" class=\"wpcf7-form init wpcf7-acceptance-as-validation\" novalidate=\"novalidate\" data-status=\"init\">\n<div style=\"display: none;\">\n<input type=\"hidden\" name=\"_wpcf7\" value=\"9591\" \/>\n<input type=\"hidden\" name=\"_wpcf7_version\" value=\"5.6\" \/>\n<input type=\"hidden\" name=\"_wpcf7_locale\" value=\"pl_PL\" \/>\n<input type=\"hidden\" name=\"_wpcf7_unit_tag\" value=\"wpcf7-f9591-o1\" \/>\n<input type=\"hidden\" name=\"_wpcf7_container_post\" value=\"0\" \/>\n<input type=\"hidden\" name=\"_wpcf7_posted_data_hash\" value=\"\" \/>\n<input type=\"hidden\" name=\"_wpcf7_recaptcha_response\" value=\"\" \/>\n<\/div>\n<div class=\"form-row\">\n<h3>Kontaktin\u0117 forma<\/h3>\n<div class=\"input\"><span class=\"wpcf7-form-control-wrap\" data-name=\"text-638\"><input type=\"text\" name=\"text-638\" value=\"\" size=\"40\" class=\"wpcf7-form-control wpcf7-text form-control\" aria-invalid=\"false\" placeholder=\"Imi\u0119 i nazwisko\" \/><\/span><\/div>\n<\/div>\n<div class=\"form-row\">\n<div class=\"input\"><span class=\"wpcf7-form-control-wrap\" data-name=\"email\"><input type=\"email\" name=\"email\" value=\"\" size=\"40\" class=\"wpcf7-form-control wpcf7-text wpcf7-email wpcf7-validates-as-required wpcf7-validates-as-email form-control\" aria-required=\"true\" aria-invalid=\"false\" placeholder=\"Adres email*\" \/><\/span><\/div>\n<\/div>\n<div class=\"form-row\">\n<div class=\"input\"><span class=\"wpcf7-form-control-wrap\" data-name=\"phone\"><input type=\"tel\" name=\"phone\" value=\"\" size=\"40\" class=\"wpcf7-form-control wpcf7-text wpcf7-tel wpcf7-validates-as-required wpcf7-validates-as-tel form-control\" aria-required=\"true\" aria-invalid=\"false\" placeholder=\"Numer telefonu*\" \/><\/span><\/div>\n<\/div>\n<div class=\"form-row-textarea\">\n<div class=\"textarea\"><span class=\"wpcf7-form-control-wrap\" data-name=\"message\"><textarea name=\"message\" cols=\"40\" rows=\"10\" class=\"wpcf7-form-control wpcf7-textarea wpcf7-validates-as-required form-control\" aria-required=\"true\" aria-invalid=\"false\" placeholder=\"Tre\u015b\u0107 wiadomo\u015bci*\"><\/textarea><\/span><\/div>\n<\/div> \n<div class=\"form-row-acceptance\">\n<small style=\"color:#ff0000;\">*- wymagane pola do uzupe\u0142nienia<\/small>\n<div class=\"input\"><span class=\"wpcf7-form-control-wrap\" data-name=\"acceptance\"><span class=\"wpcf7-form-control wpcf7-acceptance\"><span class=\"wpcf7-list-item\"><label><input type=\"checkbox\" name=\"acceptance\" value=\"1\" aria-invalid=\"false\" \/><span class=\"wpcf7-list-item-label\">Potwierdzam, \u017ce zapozna\u0142em si\u0119 i akceptuj\u0119\u00a0<a href=\"https:\/\/catchshift.com\/regulamin\/\" rel=\"noopener noreferrer\" target=\"_blank\">regulamin strony internetowej<\/a>\u00a0oraz potwierdzam, \u017ce zapozna\u0142em si\u0119 z jej\u00a0<a href=\"https:\/\/catchshift.com\/polityka-prywatnosci\/\" rel=\"noopener noreferrer\" target=\"_blank\">polityk\u0105 prywatno\u015bci<\/a>.<\/span><\/label><\/span><\/span><\/span><\/div>\n<div class=\"input\"><span class=\"wpcf7-form-control-wrap\" data-name=\"acceptance-123\"><span class=\"wpcf7-form-control wpcf7-acceptance optional\"><span class=\"wpcf7-list-item\"><label><input type=\"checkbox\" name=\"acceptance-123\" value=\"1\" aria-invalid=\"false\" \/><span class=\"wpcf7-list-item-label\">Zgadzam si\u0119 na przetwarzanie moich danych osobowych\u00a0(adres email)\u00a0przez Administratora (CATCHSHIFT\u00a0sp. z o.o. z siedzib\u0105 w Wolsztynie przy ulicy Przemys\u0142owej 2,\u00a0kontakt@catchshift.com) w celu marketingowym. Wyra\u017cenie zgody jest dobrowolne. Mam prawo cofni\u0119cia zgody w dowolnym momencie bez wp\u0142ywu na zgodno\u015b\u0107 z prawem przetwarzania, kt\u00f3rego dokonano na podstawie zgody przed jej cofni\u0119ciem. Mam prawo dost\u0119pu do tre\u015bci swoich danych i ich sprostowania, usuni\u0119cia, ograniczenia przetwarzania, oraz prawo do przenoszenia danych. Dane osobowe s\u0105 przetwarzane zgodnie z\u00a0<a href=\"https:\/\/catchshift.com\/polityka-prywatnosci\/\" rel=\"noopener noreferrer\" target=\"_blank\">polityk\u0105 prywatno\u015bci<\/a>. Zach\u0119camy do zapoznania si\u0119 z <a href=\"https:\/\/catchshift.com\/polityka-prywatnosci\/\" rel=\"noopener noreferrer\" target=\"_blank\">polityk\u0105<\/a> przed wyra\u017ceniem zgody.<\/span><\/label><\/span><\/span><\/span><\/div>\n<\/div>\n<div class=\"button-row\" style=\"text-align:center;\">\n<div class=\"input\"><input type=\"submit\" value=\"Si\u0173sti\" class=\"wpcf7-form-control has-spinner wpcf7-submit btn-submit\" \/>\n<\/div><\/div><div class=\"wpcf7-response-output\" aria-hidden=\"true\"><\/div><\/form><\/div><\/div>\n<\/div><\/div>\n\n\n\n<div style=\"height:50px\" aria-hidden=\"true\" class=\"wp-block-spacer\"><\/div>\n","protected":false},"excerpt":{"rendered":"<p>Kontaktas Skontaktuj si\u0119 z nami! Specjali\u015bci z zespo\u0142u Catchshift s\u0105 do Twojej dyspozycji i odpowiadaj\u0105 na wiadomo\u015bci oraz telefony bardzo szybko. Kur mes esame? CATCHSHIFT Sp. z o. o. ul. Przemys\u0142owa 2 64-200 Wolsztyn CENTRUM DYSTRYBUCYJNE I SERWIS Okunin 21, 05-101 Nowy Dw\u00f3r Mazowiecki T:. +48 68 347 58 57 E: kontakt@catchshift.com NIP: 9231720420 REGON: [&hellip;]<\/p>\n","protected":false},"author":14,"featured_media":0,"parent":0,"menu_order":0,"comment_status":"closed","ping_status":"closed","template":"page-gutenberg.php","meta":[],"acf":[],"_links":{"self":[{"href":"https:\/\/catchshift.com\/lt\/wp-json\/wp\/v2\/pages\/10159"}],"collection":[{"href":"https:\/\/catchshift.com\/lt\/wp-json\/wp\/v2\/pages"}],"about":[{"href":"https:\/\/catchshift.com\/lt\/wp-json\/wp\/v2\/types\/page"}],"author":[{"embeddable":true,"href":"https:\/\/catchshift.com\/lt\/wp-json\/wp\/v2\/users\/14"}],"replies":[{"embeddable":true,"href":"https:\/\/catchshift.com\/lt\/wp-json\/wp\/v2\/comments?post=10159"}],"version-history":[{"count":3,"href":"https:\/\/catchshift.com\/lt\/wp-json\/wp\/v2\/pages\/10159\/revisions"}],"predecessor-version":[{"id":13452,"href":"https:\/\/catchshift.com\/lt\/wp-json\/wp\/v2\/pages\/10159\/revisions\/13452"}],"wp:attachment":[{"href":"https:\/\/catchshift.com\/lt\/wp-json\/wp\/v2\/media?parent=10159"}],"curies":[{"name":"wp","href":"https:\/\/api.w.org\/{rel}","templated":true}]}}