{"id":9413,"date":"2021-08-05T23:26:13","date_gmt":"2021-08-05T21:26:13","guid":{"rendered":"https:\/\/catchshift.com\/o-nas\/"},"modified":"2023-09-29T07:48:58","modified_gmt":"2023-09-29T05:48:58","slug":"apie-mus","status":"publish","type":"page","link":"https:\/\/catchshift.com\/lt\/apie-mus\/","title":{"rendered":"Apie mus"},"content":{"rendered":"<p><strong>Sveiki atvyk\u0119 \u012f \u201eCATCHSHIFT\u201c!<\/strong><\/p>\n<p>Ie\u0161kote profesionalios vakuumin\u0117s k\u0117limo \u012frangos gamintojo betoniniams ir grindinio elementams transportuoti? Mes turime sukaup\u0119 daugiau nei de\u0161imtmet\u012f patirties statybos pramon\u0117je ir vakuumini\u0173 \u012frengini\u0173 sektoriuje. Kuriame ir gaminame visus savo \u012frenginius po vienu stogu, naudodami naujausias technologijas, kruop\u0161\u010diai atsi\u017evelgdami \u012f naudotoj\u0173 nuomones ir nuolat reaguodami \u012f rinkos poreikius. Esame pasiruo\u0161\u0119 Jums pad\u0117ti!<\/p>\n","protected":false},"excerpt":{"rendered":"<p>Sveiki atvyk\u0119 \u012f \u201eCATCHSHIFT\u201c! Ie\u0161kote profesionalios vakuumin\u0117s k\u0117limo \u012frangos gamintojo betoniniams ir grindinio elementams transportuoti? Mes turime sukaup\u0119 daugiau nei de\u0161imtmet\u012f patirties statybos pramon\u0117je ir vakuumini\u0173 \u012frengini\u0173 sektoriuje. Kuriame ir gaminame visus savo \u012frenginius po vienu stogu, naudodami naujausias technologijas, kruop\u0161\u010diai atsi\u017evelgdami \u012f naudotoj\u0173 nuomones ir nuolat reaguodami \u012f rinkos poreikius. Esame pasiruo\u0161\u0119 Jums pad\u0117ti!<\/p>\n","protected":false},"author":11,"featured_media":0,"parent":0,"menu_order":0,"comment_status":"closed","ping_status":"closed","template":"tpl-about-us.php","meta":[],"acf":[],"_links":{"self":[{"href":"https:\/\/catchshift.com\/lt\/wp-json\/wp\/v2\/pages\/9413"}],"collection":[{"href":"https:\/\/catchshift.com\/lt\/wp-json\/wp\/v2\/pages"}],"about":[{"href":"https:\/\/catchshift.com\/lt\/wp-json\/wp\/v2\/types\/page"}],"author":[{"embeddable":true,"href":"https:\/\/catchshift.com\/lt\/wp-json\/wp\/v2\/users\/11"}],"replies":[{"embeddable":true,"href":"https:\/\/catchshift.com\/lt\/wp-json\/wp\/v2\/comments?post=9413"}],"version-history":[{"count":2,"href":"https:\/\/catchshift.com\/lt\/wp-json\/wp\/v2\/pages\/9413\/revisions"}],"predecessor-version":[{"id":9589,"href":"https:\/\/catchshift.com\/lt\/wp-json\/wp\/v2\/pages\/9413\/revisions\/9589"}],"wp:attachment":[{"href":"https:\/\/catchshift.com\/lt\/wp-json\/wp\/v2\/media?parent=9413"}],"curies":[{"name":"wp","href":"https:\/\/api.w.org\/{rel}","templated":true}]}}