{"id":9598,"date":"2021-09-06T05:32:25","date_gmt":"2021-09-06T03:32:25","guid":{"rendered":"https:\/\/catchshift.com\/wynajem-podnosnikow-prozniowych\/"},"modified":"2023-02-06T11:23:05","modified_gmt":"2023-02-06T10:23:05","slug":"nuoma","status":"publish","type":"page","link":"https:\/\/catchshift.com\/lt\/nuoma\/","title":{"rendered":"Nuoma"},"content":{"rendered":"<p style=\"text-align: center;\">Prie\u0161 i\u0161nuomodami kiekvien\u0105 \u012frengin\u012f, j\u012f patikriname, \u012fkrauname ir i\u0161bandome, tod\u0117l neabejotinai<br \/>\ngal\u0117site nedelsdami be r\u016bpes\u010di\u0173 prad\u0117ti darbus suplanuot\u0105 dien\u0105.<br \/>\n<img class=\"aligncenter wp-image-7785 size-large\" src=\"https:\/\/catchshift.com\/wp-content\/uploads\/2022\/07\/pl-1024x576.png\" alt=\"\" width=\"1024\" height=\"576\" srcset=\"https:\/\/catchshift.com\/wp-content\/uploads\/2022\/07\/pl-1024x576.png 1024w, https:\/\/catchshift.com\/wp-content\/uploads\/2022\/07\/pl-300x169.png 300w, https:\/\/catchshift.com\/wp-content\/uploads\/2022\/07\/pl-768x432.png 768w, https:\/\/catchshift.com\/wp-content\/uploads\/2022\/07\/pl-1536x864.png 1536w, https:\/\/catchshift.com\/wp-content\/uploads\/2022\/07\/pl-1200x675.png 1200w, https:\/\/catchshift.com\/wp-content\/uploads\/2022\/07\/pl.png 1920w\" sizes=\"(max-width: 1024px) 100vw, 1024px\" \/><\/p>\n","protected":false},"excerpt":{"rendered":"<p>Prie\u0161 i\u0161nuomodami kiekvien\u0105 \u012frengin\u012f, j\u012f patikriname, \u012fkrauname ir i\u0161bandome, tod\u0117l neabejotinai gal\u0117site nedelsdami be r\u016bpes\u010di\u0173 prad\u0117ti darbus suplanuot\u0105 dien\u0105.<\/p>\n","protected":false},"author":11,"featured_media":0,"parent":0,"menu_order":0,"comment_status":"closed","ping_status":"closed","template":"tpl-rent-page.php","meta":[],"acf":[],"_links":{"self":[{"href":"https:\/\/catchshift.com\/lt\/wp-json\/wp\/v2\/pages\/9598"}],"collection":[{"href":"https:\/\/catchshift.com\/lt\/wp-json\/wp\/v2\/pages"}],"about":[{"href":"https:\/\/catchshift.com\/lt\/wp-json\/wp\/v2\/types\/page"}],"author":[{"embeddable":true,"href":"https:\/\/catchshift.com\/lt\/wp-json\/wp\/v2\/users\/11"}],"replies":[{"embeddable":true,"href":"https:\/\/catchshift.com\/lt\/wp-json\/wp\/v2\/comments?post=9598"}],"version-history":[{"count":8,"href":"https:\/\/catchshift.com\/lt\/wp-json\/wp\/v2\/pages\/9598\/revisions"}],"predecessor-version":[{"id":9606,"href":"https:\/\/catchshift.com\/lt\/wp-json\/wp\/v2\/pages\/9598\/revisions\/9606"}],"wp:attachment":[{"href":"https:\/\/catchshift.com\/lt\/wp-json\/wp\/v2\/media?parent=9598"}],"curies":[{"name":"wp","href":"https:\/\/api.w.org\/{rel}","templated":true}]}}