{"id":9691,"date":"2021-09-06T05:07:42","date_gmt":"2021-09-06T03:07:42","guid":{"rendered":"https:\/\/catchshift.com\/serwis\/"},"modified":"2023-02-10T13:57:16","modified_gmt":"2023-02-10T12:57:16","slug":"aptarnavimas","status":"publish","type":"page","link":"https:\/\/catchshift.com\/lt\/aptarnavimas\/","title":{"rendered":"Aptarnavimas"},"content":{"rendered":"<h2>Problema naudojant \u012frengin\u012f.<\/h2>\n<p>Jei naudodami \u012frengin\u012f netik\u0117tai susid\u016br\u0117te su problemomis, mes padarysime visk\u0105, kad kuo grei\u010diau Jums pad\u0117tume. Daugeliu atvej\u0173 pakanka konsultacijos telefonu su m\u016bs\u0173 technin\u0117s prie\u017ei\u016bros specialistu. Ta\u010diau prireikus, technin\u0117s prie\u017ei\u016bros specialistas atvyks \u012f J\u016bs\u0173 nurodyt\u0105 viet\u0105 ir i\u0161spr\u0119s problem\u0105. Taip pat galime i\u0161nuomoti pakaitin\u012f \u012frengin\u012f, kad gal\u0117tum\u0117te t\u0119sti suplanuotus darbus.<\/p>\n","protected":false},"excerpt":{"rendered":"<p>Problema naudojant \u012frengin\u012f. Jei naudodami \u012frengin\u012f netik\u0117tai susid\u016br\u0117te su problemomis, mes padarysime visk\u0105, kad kuo grei\u010diau Jums pad\u0117tume. Daugeliu atvej\u0173 pakanka konsultacijos telefonu su m\u016bs\u0173 technin\u0117s prie\u017ei\u016bros specialistu. Ta\u010diau prireikus, technin\u0117s prie\u017ei\u016bros specialistas atvyks \u012f J\u016bs\u0173 nurodyt\u0105 viet\u0105 ir i\u0161spr\u0119s problem\u0105. Taip pat galime i\u0161nuomoti pakaitin\u012f \u012frengin\u012f, kad gal\u0117tum\u0117te t\u0119sti suplanuotus darbus.<\/p>\n","protected":false},"author":11,"featured_media":0,"parent":0,"menu_order":0,"comment_status":"closed","ping_status":"closed","template":"tpl-service-page.php","meta":[],"acf":[],"_links":{"self":[{"href":"https:\/\/catchshift.com\/lt\/wp-json\/wp\/v2\/pages\/9691"}],"collection":[{"href":"https:\/\/catchshift.com\/lt\/wp-json\/wp\/v2\/pages"}],"about":[{"href":"https:\/\/catchshift.com\/lt\/wp-json\/wp\/v2\/types\/page"}],"author":[{"embeddable":true,"href":"https:\/\/catchshift.com\/lt\/wp-json\/wp\/v2\/users\/11"}],"replies":[{"embeddable":true,"href":"https:\/\/catchshift.com\/lt\/wp-json\/wp\/v2\/comments?post=9691"}],"version-history":[{"count":3,"href":"https:\/\/catchshift.com\/lt\/wp-json\/wp\/v2\/pages\/9691\/revisions"}],"predecessor-version":[{"id":9694,"href":"https:\/\/catchshift.com\/lt\/wp-json\/wp\/v2\/pages\/9691\/revisions\/9694"}],"wp:attachment":[{"href":"https:\/\/catchshift.com\/lt\/wp-json\/wp\/v2\/media?parent=9691"}],"curies":[{"name":"wp","href":"https:\/\/api.w.org\/{rel}","templated":true}]}}