{"id":9696,"date":"2022-04-05T13:04:56","date_gmt":"2022-04-05T11:04:56","guid":{"rendered":"https:\/\/catchshift.com\/dystrybutorzy\/"},"modified":"2023-02-10T14:01:32","modified_gmt":"2023-02-10T13:01:32","slug":"platintojas","status":"publish","type":"page","link":"https:\/\/catchshift.com\/lt\/platintojas\/","title":{"rendered":"Ar norite tapti m\u016bs\u0173 platintoju?"},"content":{"rendered":"<h2 style=\"text-align: center;\">M\u016bs\u0173 platintoj\u0173 tinklas nuolat ple\u010diamas. Jei norite tapti m\u016bs\u0173 platintoju arba ie\u0161kote platintojo netoliese, palikite mums savo kontaktinius duomenis ir mes su Jumis susisieksime<\/h2>\n<p style=\"text-align: center;\">Telefonas: <a href=\"tel:+48683475857\">48 68 347 58 57<\/a><\/p>\n","protected":false},"excerpt":{"rendered":"<p>M\u016bs\u0173 platintoj\u0173 tinklas nuolat ple\u010diamas. Jei norite tapti m\u016bs\u0173 platintoju arba ie\u0161kote platintojo netoliese, palikite mums savo kontaktinius duomenis ir mes su Jumis susisieksime Telefonas: 48 68 347 58 57<\/p>\n","protected":false},"author":11,"featured_media":0,"parent":0,"menu_order":0,"comment_status":"closed","ping_status":"closed","template":"tpl-service-page.php","meta":[],"acf":[],"_links":{"self":[{"href":"https:\/\/catchshift.com\/lt\/wp-json\/wp\/v2\/pages\/9696"}],"collection":[{"href":"https:\/\/catchshift.com\/lt\/wp-json\/wp\/v2\/pages"}],"about":[{"href":"https:\/\/catchshift.com\/lt\/wp-json\/wp\/v2\/types\/page"}],"author":[{"embeddable":true,"href":"https:\/\/catchshift.com\/lt\/wp-json\/wp\/v2\/users\/11"}],"replies":[{"embeddable":true,"href":"https:\/\/catchshift.com\/lt\/wp-json\/wp\/v2\/comments?post=9696"}],"version-history":[{"count":2,"href":"https:\/\/catchshift.com\/lt\/wp-json\/wp\/v2\/pages\/9696\/revisions"}],"predecessor-version":[{"id":9698,"href":"https:\/\/catchshift.com\/lt\/wp-json\/wp\/v2\/pages\/9696\/revisions\/9698"}],"wp:attachment":[{"href":"https:\/\/catchshift.com\/lt\/wp-json\/wp\/v2\/media?parent=9696"}],"curies":[{"name":"wp","href":"https:\/\/api.w.org\/{rel}","templated":true}]}}